{"id":308,"date":"2021-09-09T08:26:15","date_gmt":"2021-09-09T08:26:15","guid":{"rendered":"https:\/\/bonosvalencia.atic.green\/?page_id=308"},"modified":"2025-09-19T08:25:15","modified_gmt":"2025-09-19T06:25:15","slug":"informacion-para-los-clientes","status":"publish","type":"page","link":"https:\/\/bonocomerciodana.com\/va\/informacion-para-los-clientes\/","title":{"rendered":"Informaci\u00f3n para los clientes"},"content":{"rendered":"<p>[vc_row][vc_column][vc_column_text]<\/p>\n<h1>INFORMACI\u00d3 PER AL CONSUMIDOR<\/h1>\n<p>[\/vc_column_text][\/vc_column][\/vc_row][vc_row el_class=&#8221;textos_pdf&#8221;][vc_column][vc_column_text]<strong>QU\u00c8 S\u00d3N ELS BONS COMER\u00c7 DANA 2025<\/strong><\/p>\n<p>La campanya <strong>BO COMER\u00c7 DANA<\/strong> \u00e9s una iniciativa de la Diputaci\u00f3 de Val\u00e8ncia, duta a terme a partir d\u2019un conveni firmat amb la Cambra de Comer\u00e7 de Val\u00e8ncia, per a estimular el consum a trav\u00e9s del foment de la compra f\u00edsica de les persones consumidores en el comer\u00e7 minorista, amb la finalitat de donar suport al sector i pal\u00b7liar, en part, les conseq\u00fc\u00e8ncies econ\u00f2miques produ\u00efdes que m\u00e9s greument van afectar el sector del comer\u00e7 minorista.<\/p>\n<p>En la campanya, podran participar-hi els comer\u00e7os en els municipis m\u00e9s greument afectats per la dana del 29 d\u2019octubre de 2024 que s\u2019indiquen en l\u2019annex I de les bases reguladores i s\u2019hi adherisquen correctament a trav\u00e9s d\u2019este web. D\u2019altra banda, podr\u00e0 adquirir el bo qualsevol persona que tinga 16 anys o m\u00e9s en la data d\u2019adquisici\u00f3 del bo comer\u00e7.<\/p>\n<p>&nbsp;<\/p>\n<p><strong>ON, COM I QUAN ADQUIRIR EL BO COMER\u00c7 DANA 2025<\/strong><\/p>\n<p><strong>La fase inicial d\u2019esta campanya<\/strong> est\u00e0 reservada per a l\u2019adquisici\u00f3 de bons per part de les persones empadronades en els municipis de l\u2019annex I del conveni.<\/p>\n<p>Els bons podran ser adquirits a trav\u00e9s del web <a href=\"http:\/\/www.bonocomerciodana.com\/\">www.bonocomerciodana.com<\/a> des de <strong>l\u201911 de detembre de 2025 <\/strong>per qualsevol persona major de 16 anys, sempre que estiga empadronada en algun dels municipis indicats en l\u2019annex I del conveni.<\/p>\n<p>En fases posteriors de la campanya podr\u00e0 obrir-se la possibilitat d\u2019adquisici\u00f3 de bons sense el compliment d\u2019este requisit d\u2019empadronament, i en eixe cas se\u2019en far\u00e0 la publicitat corresponent en el web de la campanya a partir de l\u201911 d\u2019octubre fins a exhaurir-ne les exist\u00e8ncies.<\/p>\n<p>El proc\u00e9s d\u2019adquisici\u00f3 es far\u00e0 a trav\u00e9s de la pestanya denominada <strong>Vull un bo<\/strong>, en la qual ser\u00e0 requisit acceptar els criteris base i les condicions de la campanya. Aix\u00f2 permetr\u00e0 seleccionar un dels municipis en els quals es desenrotlla i en algun dels quals haur\u00e0 d\u2019estar empadronada la persona que vullga adquirir el bo. A l\u2019introduir el seu DNI\/NIE\/PASSAPORT juntament amb la resta de camps del formulari, si la persona adquirent est\u00e0 empadronada en este municipi, el proc\u00e9s d\u2019adquisici\u00f3 conclour\u00e0 amb el pagament de 50\u20ac a trav\u00e9s de targeta banc\u00e0ria, del qual s\u2019obtindr\u00e0 un justificant d\u2019adquisici\u00f3 d\u2019un bo per un valor de 100 \u20ac.<\/p>\n<p>Cada persona amb el seu DNI\/NIE\/PASSAPORT <strong>nom\u00e9s podr\u00e0 adquirir un bo en la fase inicial<\/strong> de la campanya.<\/p>\n<p>Si el sistema detecta que el DNI\/NIE\/PASSAPORT no correspon a una persona empadronada en el municipi triat, no podr\u00e0 efectuar-se l\u2019adquisici\u00f3 del bo.<\/p>\n<p>El sistema registrar\u00e0 les dades seg\u00fcents sol\u00b7licitades a la persona adquirent en la pestanya Vullcun bo:<\/p>\n<ul>\n<li>Municipi (cal seleccionar un dels que figuren en el desplegable).<\/li>\n<li>DNI\/NIE\/passaport.<\/li>\n<li>Nom i cognoms<\/li>\n<li>Edat\/data de<\/li>\n<li>Tel\u00e8fon m\u00f2bil o<\/li>\n<li>Adre\u00e7a<\/li>\n<li>Adre\u00e7a electr\u00f2nica.<\/li>\n<li>Acceptaci\u00f3 expressa dels criteris base i condicions per a l\u2019adquisici\u00f3 dels bons en esta campanya (dins de les condicions s\u2019inclou la subjecci\u00f3 a l\u2019IRPF de l\u2019ajuda rebuda per les persones que adquirexen els bons).<\/li>\n<\/ul>\n<p><strong>En fases posteriors de la campanya<\/strong> podr\u00e0 obrir-se la possibilitat d\u2019adquisici\u00f3 de m\u00e9s bons per persona, i en eixe cas se n\u2019 far\u00e1 la \u00a0publicitat corresponent en el web de la campanya.<\/p>\n<p>En el web <a href=\"http:\/\/www.bonocomerciodana.com\/\">www.bonocomerciodana.com<\/a>\/va\/ s\u2019indicar\u00e0 el sistema de recepci\u00f3 dels bons per part de les persones adquirents.<\/p>\n<p>Una vegada adquirit el bo, s\u2019entendr\u00e0 que este \u00e9s propietat del titular del document d\u2019identificaci\u00f3 personal associat per a qualsevol gesti\u00f3 o transacci\u00f3 que hi fa\u00e7a.<\/p>\n<p>Una vegada es dispose del bo, podran efectuar-se compres per un import igual o inferior a 100,00 \u20ac en els establiments adherits. En cas d\u2019efectuar-se compres per un import superior a 100 \u20ac, la difer\u00e8ncia entre esta quantitat i el preu degut ser\u00e0 a compte de la persona compradora.<\/p>\n<p><strong>En cap cas es tornar\u00e0 el pagament de 50\u20ac<\/strong> per la ren\u00fancia de la persona compradora al bo ni pel fet d\u2019incomplir els requisits d\u2019estos criteris base reguladors de la campanya. En este sentit, la persona que vullga adquirir el bo comer\u00e7 en el web <a href=\"http:\/\/www.bonocomerciodana.com\/\">www.bonocomerciodana.com<\/a>\/va\/ haur\u00e0 d\u2019acceptar expressament esta condici\u00f3.<\/p>\n<p><strong>\u00a0<\/strong><\/p>\n<p><strong>COM CANVIAR EL BO COMER\u00c7 DANA 2025<\/strong><\/p>\n<p>El termini establit perqu\u00e8 les persones consumidores facen les compres de b\u00e9ns o servicis amb bons en els establiments adherits <strong>comen\u00e7ar\u00e0 el 29 de setembre i finalitzar\u00e0 el 31 de desembre de 2025 (inclusivament)<\/strong>. Este termini podr\u00e0 ampliar-se en funci\u00f3 de l\u2019evoluci\u00f3 de la campanya, i en eixe cas es difondr\u00e0 a trav\u00e9s del web indicat anteriorment.<strong>\u00a0<\/strong><\/p>\n<p>Els bons amb format de targeta banc\u00e0ria prepagament en poder de les persones adquirents es presentaran per a la compra de productes o servicis en els establiments adherits a la campanya que figuren en el web.<\/p>\n<p>Les persones posse\u00efdores de cada bo faran les seues compres en estos comer\u00e7os i podran usar el bo per valor de 100,00 \u20ac com una targeta banc\u00e0ria. Si l\u2019import de la compra en l\u2019establiment excedix l\u2019import del bo adquirit, la posse\u00efdora del bo haur\u00e0 de pagar l\u2019exc\u00e9s a trav\u00e9s de qualsevol m\u00e8tode adm\u00e9s en l\u2019establiment. La utilitzaci\u00f3 del bo ser\u00e0 compatible amb qualsevol tipus de descompte, oferta o rebaixa disponible en l\u2019establiment comercial.<\/p>\n<p>Per a cobrar la quantia objecte de la compra, l\u2019establiment passar\u00e0 el bo en format de targeta banc\u00e0ria prepagament pel lector de banda magn\u00e8tica del dat\u00e0fon (TPV), amb el n\u00famero identificatiu del comer\u00e7 (FUC) facilitat en la inscripci\u00f3 del comer\u00e7 adherit.<\/p>\n<p>Els productes que s\u2019adquirisquen a trav\u00e9s del bo podran ser canviats, si l\u2019establiment ho autoritza, per un producte de preu igual o superior (abonant-ne la difer\u00e8ncia), per\u00f2 en cap cas es podr\u00e0 sol\u00b7licitar la devoluci\u00f3 dels diners. Per aix\u00f2, l\u2019establiment haur\u00e0 de mostrar les condicions de compra del bo comer\u00e7 en un lloc visible i accessible per al p\u00fablic.<\/p>\n<p>El bo \u00e9s d\u2019\u00fas exclusiu en els comer\u00e7os adherits i no permetr\u00e0 la retirada d\u2019efectiu. Les persones titulars del bo podran registrar-se en el web www.tutarjetaregalo.com per a obtindre el saldo del seu BO COMER\u00c7 i altres avantatges, com ara poder consultar els moviments o rebre un sms en el m\u00f2bil amb el saldo restant de cada compra. Este servici no tindr\u00e0 cap cost addicional.<\/p>\n<p>&nbsp;<\/p>\n<p><strong>FINS A QUAN ES POT CANVIAR EL BO COMER\u00c7 DANA 2025<\/strong><\/p>\n<p>La quantitat no canviada en la targeta una vegada passat el 31 de desembre de 2025, termini de vig\u00e8ncia de la campanya promocional <strong>BO COMER\u00c7 DANA<\/strong>, ja no podr\u00e0 ser emprar-la la persona titular del bo comer\u00e7.<\/p>\n<p>L\u2019import dels bons adquirits i no canviats per les persones compradores dins del termini establit per a fer-ho ser\u00e0 tornat a la Diputaci\u00f3 de Val\u00e8ncia.<\/p>\n<p>Ni la Diputaci\u00f3 de Val\u00e8ncia ni la Cambra de Comer\u00e7 de Val\u00e8ncia, ni Caixa Popular es responsabilitzen del deteriorament, la p\u00e8rdua o la sostracci\u00f3 del BO COMER\u00c7 DANA, que no ser\u00e0 reembossable en cap cas.<\/p>\n<p>No s\u2019atendran reclamacions presentades despr\u00e9s del 31 de desembre de 2025.<\/p>\n<p>&nbsp;<\/p>\n<table>\n<tbody>\n<tr>\n<td width=\"576\">\n<p>Atenci\u00f3 telef\u00f2nica de dilluns a divendres de 10:00 a 14:00 hores.<\/p>\n<p>TELEFONA\u2019NS 963 103 929<\/p>\n<p>ESCRIU-NOS <a href=\"mailto:bonocomerciovlc@camaravalencia.com\">bonocomerciovlc@camaravalencia.com<\/a><\/td>\n<\/tr>\n<\/tbody>\n<\/table>\n<p>&nbsp;[\/vc_column_text][\/vc_column][\/vc_row]<\/p>\n","protected":false},"excerpt":{"rendered":"<p>[vc_row][vc_column][vc_column_text] INFORMACI\u00d3 PER AL CONSUMIDOR [\/vc_column_text][\/vc_column][\/vc_row][vc_row el_class=&#8221;textos_pdf&#8221;][vc_column][vc_column_text]QU\u00c8 S\u00d3N ELS BONS COMER\u00c7 DANA 2025 La campanya BO COMER\u00c7 DANA \u00e9s una iniciativa de la Diputaci\u00f3 de Val\u00e8ncia, duta a terme a partir d\u2019un conveni firmat amb la Cambra de Comer\u00e7 de Val\u00e8ncia, per a estimular el consum a trav\u00e9s del foment de la compra f\u00edsica de [&hellip;]<\/p>\n","protected":false},"author":4,"featured_media":0,"parent":0,"menu_order":0,"comment_status":"closed","ping_status":"closed","template":"","meta":{"footnotes":""},"class_list":["post-308","page","type-page","status-publish","hentry"],"yoast_head":"<!-- This site is optimized with the Yoast SEO plugin v25.7 - https:\/\/yoast.com\/wordpress\/plugins\/seo\/ -->\n<title>Informaci\u00f3n para los clientes - Bono Comercio Dana<\/title>\n<meta name=\"robots\" content=\"index, follow, max-snippet:-1, max-image-preview:large, max-video-preview:-1\" \/>\n<link rel=\"canonical\" href=\"https:\/\/bonocomerciodana.com\/informacion-para-los-clientes\/\" \/>\n<meta property=\"og:locale\" content=\"en_US\" \/>\n<meta property=\"og:type\" content=\"article\" \/>\n<meta property=\"og:title\" content=\"Informaci\u00f3n para los clientes - Bono Comercio Dana\" \/>\n<meta property=\"og:description\" content=\"[vc_row][vc_column][vc_column_text] INFORMACI\u00d3 PER AL CONSUMIDOR [\/vc_column_text][\/vc_column][\/vc_row][vc_row el_class=&#8221;textos_pdf&#8221;][vc_column][vc_column_text]QU\u00c8 S\u00d3N ELS BONS COMER\u00c7 DANA 2025 La campanya BO COMER\u00c7 DANA \u00e9s una iniciativa de la Diputaci\u00f3 de Val\u00e8ncia, duta a terme a partir d\u2019un conveni firmat amb la Cambra de Comer\u00e7 de Val\u00e8ncia, per a estimular el consum a trav\u00e9s del foment de la compra f\u00edsica de [&hellip;]\" \/>\n<meta property=\"og:url\" content=\"https:\/\/bonocomerciodana.com\/informacion-para-los-clientes\/\" \/>\n<meta property=\"og:site_name\" content=\"Bono Comercio Dana\" \/>\n<meta property=\"article:modified_time\" content=\"2025-09-19T06:25:15+00:00\" \/>\n<meta name=\"twitter:card\" content=\"summary_large_image\" \/>\n<meta name=\"twitter:label1\" content=\"Est. reading time\" \/>\n\t<meta name=\"twitter:data1\" content=\"6 minutes\" \/>\n<script type=\"application\/ld+json\" class=\"yoast-schema-graph\">{\"@context\":\"https:\/\/schema.org\",\"@graph\":[{\"@type\":\"WebPage\",\"@id\":\"https:\/\/bonocomerciodana.com\/informacion-para-los-clientes\/\",\"url\":\"https:\/\/bonocomerciodana.com\/informacion-para-los-clientes\/\",\"name\":\"Informaci\u00f3n para los clientes - Bono Comercio Dana\",\"isPartOf\":{\"@id\":\"https:\/\/bonocomerciodana.com\/#website\"},\"datePublished\":\"2021-09-09T08:26:15+00:00\",\"dateModified\":\"2025-09-19T06:25:15+00:00\",\"breadcrumb\":{\"@id\":\"https:\/\/bonocomerciodana.com\/informacion-para-los-clientes\/#breadcrumb\"},\"inLanguage\":\"va\",\"potentialAction\":[{\"@type\":\"ReadAction\",\"target\":[\"https:\/\/bonocomerciodana.com\/informacion-para-los-clientes\/\"]}]},{\"@type\":\"BreadcrumbList\",\"@id\":\"https:\/\/bonocomerciodana.com\/informacion-para-los-clientes\/#breadcrumb\",\"itemListElement\":[{\"@type\":\"ListItem\",\"position\":1,\"name\":\"Portada\",\"item\":\"https:\/\/bonocomerciodana.com\/\"},{\"@type\":\"ListItem\",\"position\":2,\"name\":\"Informaci\u00f3n para los clientes\"}]},{\"@type\":\"WebSite\",\"@id\":\"https:\/\/bonocomerciodana.com\/#website\",\"url\":\"https:\/\/bonocomerciodana.com\/\",\"name\":\"Bono Comercio Dana\",\"description\":\"Bono Comercio Dana\",\"potentialAction\":[{\"@type\":\"SearchAction\",\"target\":{\"@type\":\"EntryPoint\",\"urlTemplate\":\"https:\/\/bonocomerciodana.com\/?s={search_term_string}\"},\"query-input\":{\"@type\":\"PropertyValueSpecification\",\"valueRequired\":true,\"valueName\":\"search_term_string\"}}],\"inLanguage\":\"va\"}]}<\/script>\n<!-- \/ Yoast SEO plugin. -->","yoast_head_json":{"title":"Informaci\u00f3n para los clientes - Bono Comercio Dana","robots":{"index":"index","follow":"follow","max-snippet":"max-snippet:-1","max-image-preview":"max-image-preview:large","max-video-preview":"max-video-preview:-1"},"canonical":"https:\/\/bonocomerciodana.com\/informacion-para-los-clientes\/","og_locale":"en_US","og_type":"article","og_title":"Informaci\u00f3n para los clientes - Bono Comercio Dana","og_description":"[vc_row][vc_column][vc_column_text] INFORMACI\u00d3 PER AL CONSUMIDOR [\/vc_column_text][\/vc_column][\/vc_row][vc_row el_class=&#8221;textos_pdf&#8221;][vc_column][vc_column_text]QU\u00c8 S\u00d3N ELS BONS COMER\u00c7 DANA 2025 La campanya BO COMER\u00c7 DANA \u00e9s una iniciativa de la Diputaci\u00f3 de Val\u00e8ncia, duta a terme a partir d\u2019un conveni firmat amb la Cambra de Comer\u00e7 de Val\u00e8ncia, per a estimular el consum a trav\u00e9s del foment de la compra f\u00edsica de [&hellip;]","og_url":"https:\/\/bonocomerciodana.com\/informacion-para-los-clientes\/","og_site_name":"Bono Comercio Dana","article_modified_time":"2025-09-19T06:25:15+00:00","twitter_card":"summary_large_image","twitter_misc":{"Est. reading time":"6 minutes"},"schema":{"@context":"https:\/\/schema.org","@graph":[{"@type":"WebPage","@id":"https:\/\/bonocomerciodana.com\/informacion-para-los-clientes\/","url":"https:\/\/bonocomerciodana.com\/informacion-para-los-clientes\/","name":"Informaci\u00f3n para los clientes - Bono Comercio Dana","isPartOf":{"@id":"https:\/\/bonocomerciodana.com\/#website"},"datePublished":"2021-09-09T08:26:15+00:00","dateModified":"2025-09-19T06:25:15+00:00","breadcrumb":{"@id":"https:\/\/bonocomerciodana.com\/informacion-para-los-clientes\/#breadcrumb"},"inLanguage":"va","potentialAction":[{"@type":"ReadAction","target":["https:\/\/bonocomerciodana.com\/informacion-para-los-clientes\/"]}]},{"@type":"BreadcrumbList","@id":"https:\/\/bonocomerciodana.com\/informacion-para-los-clientes\/#breadcrumb","itemListElement":[{"@type":"ListItem","position":1,"name":"Portada","item":"https:\/\/bonocomerciodana.com\/"},{"@type":"ListItem","position":2,"name":"Informaci\u00f3n para los clientes"}]},{"@type":"WebSite","@id":"https:\/\/bonocomerciodana.com\/#website","url":"https:\/\/bonocomerciodana.com\/","name":"Bono Comercio Dana","description":"Bono Comercio Dana","potentialAction":[{"@type":"SearchAction","target":{"@type":"EntryPoint","urlTemplate":"https:\/\/bonocomerciodana.com\/?s={search_term_string}"},"query-input":{"@type":"PropertyValueSpecification","valueRequired":true,"valueName":"search_term_string"}}],"inLanguage":"va"}]}},"_links":{"self":[{"href":"https:\/\/bonocomerciodana.com\/va\/wp-json\/wp\/v2\/pages\/308","targetHints":{"allow":["GET"]}}],"collection":[{"href":"https:\/\/bonocomerciodana.com\/va\/wp-json\/wp\/v2\/pages"}],"about":[{"href":"https:\/\/bonocomerciodana.com\/va\/wp-json\/wp\/v2\/types\/page"}],"author":[{"embeddable":true,"href":"https:\/\/bonocomerciodana.com\/va\/wp-json\/wp\/v2\/users\/4"}],"replies":[{"embeddable":true,"href":"https:\/\/bonocomerciodana.com\/va\/wp-json\/wp\/v2\/comments?post=308"}],"version-history":[{"count":32,"href":"https:\/\/bonocomerciodana.com\/va\/wp-json\/wp\/v2\/pages\/308\/revisions"}],"predecessor-version":[{"id":1716,"href":"https:\/\/bonocomerciodana.com\/va\/wp-json\/wp\/v2\/pages\/308\/revisions\/1716"}],"wp:attachment":[{"href":"https:\/\/bonocomerciodana.com\/va\/wp-json\/wp\/v2\/media?parent=308"}],"curies":[{"name":"wp","href":"https:\/\/api.w.org\/{rel}","templated":true}]}}