{"id":297,"date":"2021-09-09T08:34:50","date_gmt":"2021-09-09T08:34:50","guid":{"rendered":"https:\/\/bonosvalencia.atic.green\/?page_id=297"},"modified":"2025-09-19T08:24:16","modified_gmt":"2025-09-19T06:24:16","slug":"informacion-para-el-comerciante","status":"publish","type":"page","link":"https:\/\/bonocomerciodana.com\/va\/informacion-para-el-comerciante\/","title":{"rendered":"Informaci\u00f3n para el comerciante"},"content":{"rendered":"<p>[vc_row][vc_column][vc_column_text]<\/p>\n<h1>INFORMACI\u00d3 PER AL COMERCIANT<\/h1>\n<p>[\/vc_column_text][\/vc_column][\/vc_row][vc_row el_class=&#8221;textos_pdf&#8221;][vc_column][vc_column_text]<strong>QU\u00c8 S\u00d3N ELS BONS COMER\u00c7 DANA<\/strong><\/p>\n<p>La campanya,podran partcipar-hi <strong>BO COMER\u00c7 DANA<\/strong> \u00e9s una iniciativa de la Diputaci\u00f3 de Val\u00e8ncia, duta a terme a partir d\u2019un conveni firmat amb la Cambra de Comer\u00e7 de Val\u00e8ncia per a estimular el consum a trav\u00e9s del foment de la compra f\u00edsica de les persones consumidores en el comer\u00e7 minorista, amb la finalitat de donar suport al sector i pal\u00b7liar, en part, les conseq\u00fc\u00e8ncies econ\u00f2miques produ\u00efdes que m\u00e9s greument van afectar el sector del comer\u00e7 minorista.<\/p>\n<p>En la campanya podran participar els comer\u00e7os situats en els municipis m\u00e9s greument afectats per la dana del 29 d\u2019octubre de 2024 que s\u2019indiquen en l\u2019annex I del conveni i s\u2019hi adherisquen correctament a trav\u00e9s d\u2019este web. D\u2019altra banda, podr\u00e0 adquirir el bo qualsevol persona que tinga 16 anys o m\u00e9s en la data d\u2019adquisici\u00f3 del bo comer\u00e7.<\/p>\n<p>&nbsp;<\/p>\n<p>Les persones que adquirrisquen els bons podran usar-los per a la compra f\u00edsica de b\u00e9ns i servicis en els establiments de comer\u00e7 minorista que s\u2019hi hagen adherit i estiguen donats d\u2019alta en la llista d\u2019agrupacions de l\u2019IAE que s\u2019indica en el criteri base seg\u00fcent:<\/p>\n<p><strong>\u00a0<\/strong><\/p>\n<p><strong>REQUISITS D\u2019ADHESI\u00d3 A LA CAMPANYA BO <\/strong><strong>\u00ab<\/strong><strong>COMER\u00c7 DANA<\/strong><strong>\u00bb<\/strong><\/p>\n<p>Podran adherir-se a la campanya objecte del conveni els comer\u00e7os situats en els municipis indicats en l\u2019annex I i l\u2019activitat dels quals es corresponga amb les seg\u00fcents agrupacions d\u2019ep\u00edgrafs de l\u2019IAE:<\/p>\n<p>&nbsp;<\/p>\n<p><strong>&#8211; Agrupaci\u00f3 64<\/strong>: Comer\u00e7 al detall de productes alimentaris dut a terme en establiments permanents.<\/p>\n<p>Se n\u2019exceptua:<\/p>\n<ul>\n<li>El grup 646 (Comer\u00e7 de tabacs i articles de fumador).<\/li>\n<\/ul>\n<ul>\n<li><strong>Agrupaci\u00f3 65<\/strong>: Comer\u00e7 al detall de productes industrials no alimentaris dut a terme en establiments permanents.<\/li>\n<\/ul>\n<p>Se n\u2019exceptua:<\/p>\n<ul>\n<li>L\u2019ep\u00edgraf 652.1 de Farm\u00e0cies (encara que s\u00ed que s\u2019inclou l\u2019ep\u00edgraf 652.2 de Parafarm\u00e0cies).<\/li>\n<li>El grup 655 (Comer\u00e7 de combustibles, carburants i lubrificants).<\/li>\n<\/ul>\n<ul>\n<li><strong>Agrupaci\u00f3<\/strong> <strong>97<\/strong>: Servicis<\/li>\n<\/ul>\n<p>Se n\u2019exceptua:<\/p>\n<ul>\n<li>L\u2019ep\u00edgraf 973.2 (M\u00e0quines autom\u00e0tiques, fotografies i fotocopiadores).<\/li>\n<\/ul>\n<ul>\n<li><strong>Agrupaci\u00f3 66<\/strong>: Persones f\u00edsiques o jur\u00eddiques legalment constitu\u00efdes que siguen titulars de concessions administratives en els mercats municipals fixos, independentment de l\u2019activitat que desenvolupen.<\/li>\n<\/ul>\n<p>Se n\u2019exceptua:<\/p>\n<ul>\n<li>Grup Comer\u00e7 al detall fora d\u2019un establiment comercial permanent (ambul\u00e0ncia, mercats ambulants i mercats ocasionals o peri\u00f2dics).<\/li>\n<\/ul>\n<p>&nbsp;<\/p>\n<p><strong>Altres requisits per a tindre la condici\u00f3 de comer\u00e7 adherit<\/strong><em><u>:<\/u><\/em><\/p>\n<ul>\n<li>S\u2019ha de ser una pime d\u2019acord amb les normes de la UE (DOUE L-2003-80730).<\/li>\n<li>El nombre de persones que treballen en l\u2019establiment comercial no ha de ser superior a 12 persones treballadores a jornada completa o<\/li>\n<li>Els comer\u00e7os que disposen de diversos establiments repartits en els municipis indicats en l\u2019annex I no poden tindre m\u00e9s de 12 persones treballadores en cada un d\u2019ells, a jornada completa o equivalent.<\/li>\n<li>Els comer\u00e7os adherits hauran de presentar el justificant de l\u2019Ag\u00e8ncia Tribut\u00e0ria d\u2019estar en situaci\u00f3 d\u2019alta en algun dels ep\u00edgrafs d\u2019IAE admesos en estos criteris base.<\/li>\n<\/ul>\n<p>Els comer\u00e7os adherits a esta iniciativa disposaran d\u2019un cartell f\u00edsic amb la informaci\u00f3 relativa a la campanya \u00abBo Comer\u00e7 dana\u00bb, que ha d\u2019estar a la vista dels compradors. El format d\u2019este cartell el facilitar\u00e0 C\u00e1mbra de Comer\u00e7 de Val\u00e8ncia a trav\u00e9s del web habilitat a este efecte.<\/p>\n<p><strong>Els requisits t\u00e8cnics indispensables per a l\u2019adhesi\u00f3 a la campanya dels establiments comercials s\u00f3n:<\/strong><\/p>\n<ul>\n<li>Disposar d\u2019un tel\u00e8fon m\u00f2bil amb connexi\u00f3 4G o ordinador connectat a la xarxa wifi o internet ADSL.<\/li>\n<li>Tindre un dispositiu de cobrament o TPV amb banda per a la lectura de targetes, compatible amb la targeta emprada, \u00e9s a dir, TPV amb un n\u00famero de comer\u00e7 de 9 d\u00edgits compatible amb els sistemes de<\/li>\n<\/ul>\n<p>&nbsp;<\/p>\n<p><strong>COM ADHERIR-SE AL BO COMER\u00c7 DANA<\/strong><\/p>\n<p>L\u2019adhesi\u00f3 dels comer\u00e7os a la campanya <strong>s\u2019iniciar\u00e0 el 25 d\u2019agost<\/strong> i <strong>finalitzar\u00e0 el 30 de setembre de 2025<\/strong>. Este termini podr\u00e0 augmentar-se amb l\u2019av\u00eds previ en el web de la campanya <a href=\"http:\/\/www.bonocomerciodana.com\">www.bonocomerciodana.com<\/a> o a trav\u00e9s de l\u2019aplicaci\u00f3 de WhatsApp que s\u2019indique. En qualsevol cas, els comer\u00e7os que no s\u2019hi adherisquen en el termini establit podran patir una demora de 10 dies h\u00e0bils en la validaci\u00f3 del seu FUC des de la data d\u2019inscripci\u00f3.<\/p>\n<p>Els comer\u00e7os de proximitat participants en la campanya hauran d\u2019inscriure-s\u2019hi a partir del formulari habilitat pr\u00e8viament en el web de la campanya de <strong>BO COMER\u00c7 DANA<\/strong> <a href=\"http:\/\/www.bonocomerciodana.com\">www.bonocomerciodana.com<\/a>, en el qual hauran de detallar les dades de l\u2019establiment beneficiari, que seran les seg\u00fcents:<\/p>\n<ul>\n<li>Nom i cognoms de la persona titular i dades de contacte (tel\u00e8fon, adre\u00e7a electr\u00f2nica).<\/li>\n<li>Nom comercial.<\/li>\n<li>Ra\u00f3 social i CIF.<\/li>\n<li>Adre\u00e7a de l\u2019establiment.<\/li>\n<li>Tel\u00e8fon de contacte, adre\u00e7a electr\u00f2nica, xarxes socials.<\/li>\n<li>N\u00fam. de comer\u00e7 \/ FUC (n\u00famero d\u2019identificaci\u00f3 del comer\u00e7), que t\u00e9 un m\u00e0xim de 9 posicions i est\u00e0 indicat en el TPV.<\/li>\n<li>Aportaci\u00f3 de certificat expedit per l\u2019Ag\u00e8ncia Tribut\u00e0ria relatiu a l\u2019ep\u00edgraf de l\u2019IAE compr\u00e9s entre les activitats indicades en la base 3, o document que ho acredite.<\/li>\n<li>Acceptaci\u00f3 de les bases (en el model autoomplible disponible a este efecte), com a declaraci\u00f3 responsable de compliment dels requisits establits per a participar en la campanya.<\/li>\n<li>Logotip del comer\u00e7.<\/li>\n<li>Associaci\u00f3 de comerciants a la qual es troba adherit.<\/li>\n<\/ul>\n<p>Una vegada introdu\u00efdes les dades, la Cambra de Comer\u00e7 de Val\u00e8ncia verificar\u00e0 la idone\u00eftat de l\u2019establiment per a la participaci\u00f3 en la campanya i, en cas de complir estos requisits, s\u2019acceptar\u00e0 l\u2019establiment com a beneficiari. En el cas que s\u2019haja d\u2019esmenar alguna de les dades, rebr\u00e0 un correu electr\u00f2nic amb la informaci\u00f3 necess\u00e0ria per a l\u2019esmena, que l\u2019establiment ha de contestar en el termini des de la recepci\u00f3.<\/p>\n<p>&nbsp;<\/p>\n<p><strong>INSTRUCCIONS PER A LA INSCRIPCI\u00d3 AL BO COMER\u00c7 DANA<\/strong><\/p>\n<ol>\n<li>S\u2019hauran d\u2019omplir tots els camps obligatoris que apareixen en el formulari d\u2019adhesi\u00f3.<\/li>\n<li>El comerciant aportar\u00e0 el logotip del seu comer\u00e7 i un enlla\u00e7 de la xarxa social o del web perqu\u00e8 puguen visualitza-lo els potencials clients a trav\u00e9s del web<\/li>\n<\/ol>\n<p><a href=\"https:\/\/bonocomerciodana.com\/\">https:\/\/bonocomerciodana.com\/<\/a><\/p>\n<ol start=\"3\">\n<li>S\u2019haur\u00e0 d\u2019adjuntar el justificant de l\u2019AEAT d\u2019estar en situaci\u00f3 d\u2019alta en algun dels ep\u00edgrafs d\u2019IAE admesos.<\/li>\n<li>Els camps que queden per completar apareixeran en roig en la part inferior de la pantalla.<\/li>\n<li>Per a formar part del programa, s\u2019haur\u00e0 d\u2019acceptar la declaraci\u00f3 responsable i les condicions que apareixen en la pantalla.<\/li>\n<li>Una vegada realitzats els passos anteriors, apareixer\u00e0 el bot\u00f3 d\u2019Enviar.<\/li>\n<li>En els pr\u00f2xims dies, una vegada verificats els requisits, rebr\u00e0 un correu electr\u00f2nic de la seua adhesi\u00f3 o no a la campanya.<\/li>\n<li>Els establiments adherits figuraran en el bot\u00f3 d\u2019Establiments adherits.<\/li>\n<li>En el cas dels negocis que disposen d\u2019un \u00fanic CIF, per\u00f2 compten amb diversos establiments que complisquen els requisits del <strong>BO<\/strong> <strong>COMER\u00c7 DANA<\/strong>, podran adherir-s\u2019hi tots i cada un d\u2019ells de manera individual.<\/li>\n<\/ol>\n<p><strong>\u00a0<\/strong><\/p>\n<p><strong>QUAN PODR\u00c0 UTILITZAR EL CLIENT EL BO COMER\u00c7 DANA<\/strong><\/p>\n<p>Qualsevol client podr\u00e0 comprar amb la targeta <strong>bons COMER\u00c7 DANA <\/strong>en un comer\u00e7 adherit entre el 29 de setembre i el 31 de desembre de 2025.<\/p>\n<p><strong>\u00a0<\/strong><\/p>\n<p><strong>RESOLUCI\u00d3 DE CONSULTES<\/strong><\/p>\n<p><strong>\u00a0<\/strong>En tot moment, amb un horari comercial de <u>10:00 a 14:00 h de dilluns a divendres<\/u>, els comer\u00e7os adherits a la campanya comptaran amb un suport t\u00e8cnic de Cambra de Comer\u00e7 Val\u00e8ncia a trav\u00e9s d\u2019atenci\u00f3 telef\u00f2nica, en el n\u00famero 960 901 124, aix\u00ed com de l\u2019adre\u00e7a electr\u00f2nica bonocomerciodana@camaravalencia.com, que els facilitar\u00e0 suport en mat\u00e8ria de canvi de BONS, aix\u00ed com qualsevol altre requeriment d\u2019ajuda que puga requerir l\u2019establiment en el proc\u00e9s d\u2019adhesi\u00f3.<\/p>\n<p>&nbsp;<\/p>\n<p>Atenci\u00f3 telef\u00f2nica de dilluns a divendres de 10-14 hores<\/p>\n<p>TELEFONA\u2019NS 963 103 929<\/p>\n<p>ESCRIU-NOS <a href=\"mailto:bonocomerciovlc@camaravalencia.com\">bonocomerciovlc@camaravalencia.com<\/a>[\/vc_column_text][\/vc_column][\/vc_row]<\/p>\n","protected":false},"excerpt":{"rendered":"<p>[vc_row][vc_column][vc_column_text] INFORMACI\u00d3 PER AL COMERCIANT [\/vc_column_text][\/vc_column][\/vc_row][vc_row el_class=&#8221;textos_pdf&#8221;][vc_column][vc_column_text]QU\u00c8 S\u00d3N ELS BONS COMER\u00c7 DANA La campanya,podran partcipar-hi BO COMER\u00c7 DANA \u00e9s una iniciativa de la Diputaci\u00f3 de Val\u00e8ncia, duta a terme a partir d\u2019un conveni firmat amb la Cambra de Comer\u00e7 de Val\u00e8ncia per a estimular el consum a trav\u00e9s del foment de la compra f\u00edsica de [&hellip;]<\/p>\n","protected":false},"author":4,"featured_media":0,"parent":0,"menu_order":0,"comment_status":"closed","ping_status":"closed","template":"","meta":{"footnotes":""},"class_list":["post-297","page","type-page","status-publish","hentry"],"yoast_head":"<!-- This site is optimized with the Yoast SEO plugin v25.7 - https:\/\/yoast.com\/wordpress\/plugins\/seo\/ -->\n<title>Informaci\u00f3n para el comerciante - Bono Comercio Dana<\/title>\n<meta name=\"robots\" content=\"index, follow, max-snippet:-1, max-image-preview:large, max-video-preview:-1\" \/>\n<link rel=\"canonical\" href=\"https:\/\/bonocomerciodana.com\/informacion-para-el-comerciante\/\" \/>\n<meta property=\"og:locale\" content=\"en_US\" \/>\n<meta property=\"og:type\" content=\"article\" \/>\n<meta property=\"og:title\" content=\"Informaci\u00f3n para el comerciante - Bono Comercio Dana\" \/>\n<meta property=\"og:description\" content=\"[vc_row][vc_column][vc_column_text] INFORMACI\u00d3 PER AL COMERCIANT [\/vc_column_text][\/vc_column][\/vc_row][vc_row el_class=&#8221;textos_pdf&#8221;][vc_column][vc_column_text]QU\u00c8 S\u00d3N ELS BONS COMER\u00c7 DANA La campanya,podran partcipar-hi BO COMER\u00c7 DANA \u00e9s una iniciativa de la Diputaci\u00f3 de Val\u00e8ncia, duta a terme a partir d\u2019un conveni firmat amb la Cambra de Comer\u00e7 de Val\u00e8ncia per a estimular el consum a trav\u00e9s del foment de la compra f\u00edsica de [&hellip;]\" \/>\n<meta property=\"og:url\" content=\"https:\/\/bonocomerciodana.com\/informacion-para-el-comerciante\/\" \/>\n<meta property=\"og:site_name\" content=\"Bono Comercio Dana\" \/>\n<meta property=\"article:modified_time\" content=\"2025-09-19T06:24:16+00:00\" \/>\n<meta name=\"twitter:card\" content=\"summary_large_image\" \/>\n<meta name=\"twitter:label1\" content=\"Est. reading time\" \/>\n\t<meta name=\"twitter:data1\" content=\"5 minutes\" \/>\n<script type=\"application\/ld+json\" class=\"yoast-schema-graph\">{\"@context\":\"https:\/\/schema.org\",\"@graph\":[{\"@type\":\"WebPage\",\"@id\":\"https:\/\/bonocomerciodana.com\/informacion-para-el-comerciante\/\",\"url\":\"https:\/\/bonocomerciodana.com\/informacion-para-el-comerciante\/\",\"name\":\"Informaci\u00f3n para el comerciante - Bono Comercio Dana\",\"isPartOf\":{\"@id\":\"https:\/\/bonocomerciodana.com\/#website\"},\"datePublished\":\"2021-09-09T08:34:50+00:00\",\"dateModified\":\"2025-09-19T06:24:16+00:00\",\"breadcrumb\":{\"@id\":\"https:\/\/bonocomerciodana.com\/informacion-para-el-comerciante\/#breadcrumb\"},\"inLanguage\":\"va\",\"potentialAction\":[{\"@type\":\"ReadAction\",\"target\":[\"https:\/\/bonocomerciodana.com\/informacion-para-el-comerciante\/\"]}]},{\"@type\":\"BreadcrumbList\",\"@id\":\"https:\/\/bonocomerciodana.com\/informacion-para-el-comerciante\/#breadcrumb\",\"itemListElement\":[{\"@type\":\"ListItem\",\"position\":1,\"name\":\"Portada\",\"item\":\"https:\/\/bonocomerciodana.com\/\"},{\"@type\":\"ListItem\",\"position\":2,\"name\":\"Informaci\u00f3n para el comerciante\"}]},{\"@type\":\"WebSite\",\"@id\":\"https:\/\/bonocomerciodana.com\/#website\",\"url\":\"https:\/\/bonocomerciodana.com\/\",\"name\":\"Bono Comercio Dana\",\"description\":\"Bono Comercio Dana\",\"potentialAction\":[{\"@type\":\"SearchAction\",\"target\":{\"@type\":\"EntryPoint\",\"urlTemplate\":\"https:\/\/bonocomerciodana.com\/?s={search_term_string}\"},\"query-input\":{\"@type\":\"PropertyValueSpecification\",\"valueRequired\":true,\"valueName\":\"search_term_string\"}}],\"inLanguage\":\"va\"}]}<\/script>\n<!-- \/ Yoast SEO plugin. -->","yoast_head_json":{"title":"Informaci\u00f3n para el comerciante - Bono Comercio Dana","robots":{"index":"index","follow":"follow","max-snippet":"max-snippet:-1","max-image-preview":"max-image-preview:large","max-video-preview":"max-video-preview:-1"},"canonical":"https:\/\/bonocomerciodana.com\/informacion-para-el-comerciante\/","og_locale":"en_US","og_type":"article","og_title":"Informaci\u00f3n para el comerciante - Bono Comercio Dana","og_description":"[vc_row][vc_column][vc_column_text] INFORMACI\u00d3 PER AL COMERCIANT [\/vc_column_text][\/vc_column][\/vc_row][vc_row el_class=&#8221;textos_pdf&#8221;][vc_column][vc_column_text]QU\u00c8 S\u00d3N ELS BONS COMER\u00c7 DANA La campanya,podran partcipar-hi BO COMER\u00c7 DANA \u00e9s una iniciativa de la Diputaci\u00f3 de Val\u00e8ncia, duta a terme a partir d\u2019un conveni firmat amb la Cambra de Comer\u00e7 de Val\u00e8ncia per a estimular el consum a trav\u00e9s del foment de la compra f\u00edsica de [&hellip;]","og_url":"https:\/\/bonocomerciodana.com\/informacion-para-el-comerciante\/","og_site_name":"Bono Comercio Dana","article_modified_time":"2025-09-19T06:24:16+00:00","twitter_card":"summary_large_image","twitter_misc":{"Est. reading time":"5 minutes"},"schema":{"@context":"https:\/\/schema.org","@graph":[{"@type":"WebPage","@id":"https:\/\/bonocomerciodana.com\/informacion-para-el-comerciante\/","url":"https:\/\/bonocomerciodana.com\/informacion-para-el-comerciante\/","name":"Informaci\u00f3n para el comerciante - Bono Comercio Dana","isPartOf":{"@id":"https:\/\/bonocomerciodana.com\/#website"},"datePublished":"2021-09-09T08:34:50+00:00","dateModified":"2025-09-19T06:24:16+00:00","breadcrumb":{"@id":"https:\/\/bonocomerciodana.com\/informacion-para-el-comerciante\/#breadcrumb"},"inLanguage":"va","potentialAction":[{"@type":"ReadAction","target":["https:\/\/bonocomerciodana.com\/informacion-para-el-comerciante\/"]}]},{"@type":"BreadcrumbList","@id":"https:\/\/bonocomerciodana.com\/informacion-para-el-comerciante\/#breadcrumb","itemListElement":[{"@type":"ListItem","position":1,"name":"Portada","item":"https:\/\/bonocomerciodana.com\/"},{"@type":"ListItem","position":2,"name":"Informaci\u00f3n para el comerciante"}]},{"@type":"WebSite","@id":"https:\/\/bonocomerciodana.com\/#website","url":"https:\/\/bonocomerciodana.com\/","name":"Bono Comercio Dana","description":"Bono Comercio Dana","potentialAction":[{"@type":"SearchAction","target":{"@type":"EntryPoint","urlTemplate":"https:\/\/bonocomerciodana.com\/?s={search_term_string}"},"query-input":{"@type":"PropertyValueSpecification","valueRequired":true,"valueName":"search_term_string"}}],"inLanguage":"va"}]}},"_links":{"self":[{"href":"https:\/\/bonocomerciodana.com\/va\/wp-json\/wp\/v2\/pages\/297","targetHints":{"allow":["GET"]}}],"collection":[{"href":"https:\/\/bonocomerciodana.com\/va\/wp-json\/wp\/v2\/pages"}],"about":[{"href":"https:\/\/bonocomerciodana.com\/va\/wp-json\/wp\/v2\/types\/page"}],"author":[{"embeddable":true,"href":"https:\/\/bonocomerciodana.com\/va\/wp-json\/wp\/v2\/users\/4"}],"replies":[{"embeddable":true,"href":"https:\/\/bonocomerciodana.com\/va\/wp-json\/wp\/v2\/comments?post=297"}],"version-history":[{"count":22,"href":"https:\/\/bonocomerciodana.com\/va\/wp-json\/wp\/v2\/pages\/297\/revisions"}],"predecessor-version":[{"id":1715,"href":"https:\/\/bonocomerciodana.com\/va\/wp-json\/wp\/v2\/pages\/297\/revisions\/1715"}],"wp:attachment":[{"href":"https:\/\/bonocomerciodana.com\/va\/wp-json\/wp\/v2\/media?parent=297"}],"curies":[{"name":"wp","href":"https:\/\/api.w.org\/{rel}","templated":true}]}}