{"id":293,"date":"2021-08-10T13:10:43","date_gmt":"2021-08-10T13:10:43","guid":{"rendered":"https:\/\/bonosvalencia.atic.green\/?page_id=293"},"modified":"2025-09-30T12:30:08","modified_gmt":"2025-09-30T10:30:08","slug":"pagina-ejemplo","status":"publish","type":"page","link":"https:\/\/bonocomerciodana.com\/va\/","title":{"rendered":"Home"},"content":{"rendered":"<p>[vc_row full_width=&#8221;stretch_row_content_no_spaces&#8221; equal_height=&#8221;yes&#8221; content_placement=&#8221;middle&#8221; disable_element=&#8221;yes&#8221; el_class=&#8221;home_enlaces&#8221; css=&#8221;.vc_custom_1656410079957{margin-top: 35px !important;}&#8221;][vc_column width=&#8221;1\/2&#8243; css=&#8221;.vc_custom_1630995169282{background-image: url(https:\/\/bonocomerciodana.com\/wp-content\/uploads\/2021\/09\/f1.jpg?id=162) !important;background-position: center !important;background-repeat: no-repeat !important;background-size: cover !important;}&#8221; el_class=&#8221;primero&#8221;][vc_raw_html el_class=&#8221;texto_enlace&#8221;]JTNDcCUzRSVDMiVCRkVSRVMlM0NzcGFuJTNFQ09NRVJDSU8lM0YlM0MlMkZzcGFuJTNFJTNDJTJGcCUzRSUwQSUzQ2ElMjBocmVmJTNEJTIyJTJGYWx0YS1lc3RhYmxlY2ltaWVudG8lMkYlMjIlM0VJTlNDUiVDMyU4REJFVEUlM0MlMkZhJTNF[\/vc_raw_html][\/vc_column][vc_column width=&#8221;1\/2&#8243; css=&#8221;.vc_custom_1631175161051{background-image: url(https:\/\/bonocomerciodana.com\/wp-content\/uploads\/2021\/09\/f23.jpg?id=239) !important;background-position: center !important;background-repeat: no-repeat !important;background-size: cover !important;}&#8221; el_id=&#8221;segundo&#8221;][vc_raw_html el_class=&#8221;texto_enlace&#8221;]JTNDcCUzRSVDMiVCRllBJTIwVElFTkVTJTNDc3BhbiUzRVRVJTIwQk9OTyUzRiUzQyUyRnNwYW4lM0UlM0MlMkZwJTNFJTBBJTNDYSUyMGhyZWYlM0QlMjIlMkZpbmZvcm1hY2lvbi1wYXJhLWxvcy1jbGllbnRlcyUyRiUyMiUzRUNvbnN1bHRhJTIwbGFzJTIwY29uZGljaW9uZXMlM0MlMkZhJTNF[\/vc_raw_html][\/vc_column][\/vc_row][vc_row full_width=&#8221;stretch_row_content_no_spaces&#8221; equal_height=&#8221;yes&#8221; content_placement=&#8221;middle&#8221; disable_element=&#8221;yes&#8221; el_class=&#8221;home_enlaces&#8221; css=&#8221;.vc_custom_1656573815884{margin-top: 35px !important;}&#8221;][vc_column width=&#8221;1\/2&#8243; css=&#8221;.vc_custom_1630995169282{background-image: url(https:\/\/bonocomerciodana.com\/wp-content\/uploads\/2021\/09\/f1.jpg?id=162) !important;background-position: center !important;background-repeat: no-repeat !important;background-size: cover !important;}&#8221; el_class=&#8221;primero&#8221;][vc_raw_html el_class=&#8221;texto_enlace&#8221;]JTNDcCUzRSVDMiVCRkVSRVMlM0NzcGFuJTNFQ09NRVJDSU8lM0YlM0MlMkZzcGFuJTNFJTNDJTJGcCUzRSUwQSUzQ2ElMjBocmVmJTNEJTIyJTJGYWx0YS1lc3RhYmxlY2ltaWVudG8lMkYlMjIlM0VJTlNDUiVDMyU4REJFVEUlM0MlMkZhJTNF[\/vc_raw_html][\/vc_column][vc_column width=&#8221;1\/2&#8243; css=&#8221;.vc_custom_1631175161051{background-image: url(https:\/\/bonocomerciodana.com\/wp-content\/uploads\/2021\/09\/f23.jpg?id=239) !important;background-position: center !important;background-repeat: no-repeat !important;background-size: cover !important;}&#8221;][vc_raw_html el_class=&#8221;texto_enlace&#8221;]JTNDcCUzRSVDMiVCRkVSRVMlM0NzcGFuJTNFQ09OU1VNSURPUiUyRkElM0YlM0MlMkZzcGFuJTNFJTNDJTJGcCUzRSUwQSUzQ2ElMjBocmVmJTNEJTIyJTJGY29tcHJhLXR1LWJvbm8lMkYlMjIlM0VDT01QUkFSJTIwQk9OTyUzQyUyRmElM0U=[\/vc_raw_html][\/vc_column][\/vc_row][vc_row full_width=&#8221;stretch_row&#8221; el_class=&#8221;home_banner1&#8243;][vc_column][vc_column_text]<\/p>\n<h2>M\u00c9S DE 10.000.000 \u20ac<\/h2>\n<p>Per a reactivar els xicotets comer\u00e7os de les zones m\u00e9s afectades per la dana[\/vc_column_text][\/vc_column][\/vc_row][vc_row full_width=&#8221;stretch_row_content_no_spaces&#8221; equal_height=&#8221;yes&#8221; content_placement=&#8221;middle&#8221; el_class=&#8221;home_enlaces&#8221;][vc_column width=&#8221;1\/6&#8243; offset=&#8221;vc_hidden-sm vc_hidden-xs&#8221;][\/vc_column][vc_column width=&#8221;1\/2&#8243; css=&#8221;.vc_custom_1755071418989{background-position: center !important;background-repeat: no-repeat !important;background-size: contain !important;}&#8221; el_class=&#8221;primero&#8221; offset=&#8221;vc_col-lg-4 vc_col-md-4 vc_col-xs-12&#8243;][vc_raw_html el_class=&#8221;texto_enlace&#8221;]JTNDYSUyMGhyZWYlM0QlMjIlMkZ2YSUyRmFsdGEtZXN0YWJsZWNpbWllbnRvJTJGJTIyJTNFRE9OQSUyMEQlRTIlODAlOTlBTFRBJTIwRUwlMjBURVUlMjBORUdPQ0klM0MlMkZhJTNFJTBBJTNDcCUyMGNsYXNzJTNEJTIybWluaSUyMiUzRSUyQVBlciUyMGElMjBwb2JsYWNpb25zJTIwYWZlY3RhZGVzJTIwcGVyJTIwbGElMjBkYW5hLiUyMCUzQyUyRnAlM0UlMEElM0NwJTIwY2xhc3MlM0QlMjJtaW5pJTIyJTNFJTJBRWwlMjB0ZXJtaW5pJTIwZmluYWxpdHphciVDMyVBMCUyMGVsJTIwMjAlMjBkJTI3b2N0dWJyZSUzQyUyRnAlM0U=[\/vc_raw_html][\/vc_column][vc_column width=&#8221;1\/2&#8243; css=&#8221;.vc_custom_1755071425519{background-position: center !important;background-repeat: no-repeat !important;background-size: contain !important;}&#8221; el_class=&#8221;segundo&#8221; offset=&#8221;vc_col-lg-4 vc_col-md-4 vc_col-xs-12&#8243;][vc_raw_html el_class=&#8221;texto_enlace&#8221;]JTNDYSUyMGhyZWYlM0QlMjIlMkZ2YSUyRmNvbXByYS10dS1ib25vJTJGJTIyJTNFQ09NUFJBJTIwRUwlMjBCTyUzQyUyRmElM0UlMEElM0NwJTIwY2xhc3MlM0QlMjJtaW5pJTIyJTNFJTJBQSUyMHBhcnRpciUyMGRlJTIwbCVFMiU4MCU5OTExJTIwZGUlMjBzZXRlbWJyZSUzQyUyRnAlM0UlMEElM0NwJTIwY2xhc3MlM0QlMjJtaW5pJTIyJTNFRmlucyUyMGElMjBhY2FiYXIlMjBleGlzdCVDMyVBOG5jaWVzJTNDJTJGcCUzRQ==[\/vc_raw_html][\/vc_column][vc_column width=&#8221;1\/6&#8243; offset=&#8221;vc_hidden-sm vc_hidden-xs&#8221;][\/vc_column][\/vc_row][vc_row full_width=&#8221;stretch_row&#8221; el_class=&#8221;home_top&#8221;][vc_column width=&#8221;1\/2&#8243;][vc_single_image image=&#8221;1678&#8243; img_size=&#8221;full&#8221; alignment=&#8221;center&#8221; css=&#8221;.vc_custom_1757691892928{margin-bottom: 0px !important;}&#8221;][\/vc_column][vc_column width=&#8221;1\/2&#8243;][vc_column_text]<\/p>\n<h1>Multiplica els teus 50\u20ac<\/h1>\n<h3><strong>Si pagues 50 \u20ac obtindr\u00e0s 100 \u20ac per a consumir als establiments adherits.<\/strong><\/h3>\n<h5>*V\u00e0lid fins al 31 de desembre<\/h5>\n<p>&nbsp;[\/vc_column_text][vc_row_inner disable_element=&#8221;yes&#8221; el_class=&#8221;fila_botones&#8221;][vc_column_inner width=&#8221;1\/2&#8243;][vc_column_text el_class=&#8221;boton_fondo_blanco&#8221;]<a href=\"https:\/\/bonocomerciodana.com\/va\/compra-tu-bono\/\">Participa en el sorteo<\/a>[\/vc_column_text][\/vc_column_inner][vc_column_inner width=&#8221;1\/2&#8243;][vc_column_text el_class=&#8221;boton_flecha&#8221;]<a href=\"https:\/\/bonocomerciodana.com\/va\/imformacio-per-als-clients\/\" target=\"_blank\" rel=\"noopener\">M\u00e1s informaci\u00f3n <img decoding=\"async\" class=\"alignnone size-medium wp-image-36\" src=\"\/wp-content\/uploads\/2021\/08\/roja.svg\" \/><\/a>[\/vc_column_text][\/vc_column_inner][\/vc_row_inner][vc_row_inner el_class=&#8221;fila_botones&#8221;][vc_column_inner][vc_column_text el_class=&#8221;boton_fondo_blanco&#8221;]<a href=\"https:\/\/bonocomerciodana.com\/va\/compra-tu-bono\/\">Compra el bo<\/a>[\/vc_column_text][\/vc_column_inner][vc_column_inner][vc_column_text el_class=&#8221;boton_fondo_blanco boton_mas_informacion&#8221;]<a href=\"https:\/\/bonocomerciodana.com\/va\/informacion-para-los-clientes\/\">M\u00e9s informaci\u00f3<\/a>[\/vc_column_text][\/vc_column_inner][\/vc_row_inner][vc_row_inner disable_element=&#8221;yes&#8221; el_class=&#8221;fila_botones&#8221;][vc_column_inner][vc_column_text el_class=&#8221;boton_fondo_blanco&#8221;]<a href=\"https:\/\/bonocomerciodana.com\/va\/compra-tu-bono\/\">Compra tu bono<\/a>[\/vc_column_text][\/vc_column_inner][vc_column_inner][vc_column_text el_class=&#8221;boton_flecha&#8221;]<a href=\"https:\/\/bonocomerciodana.com\/va\/imformacio-per-als-clients\/\" target=\"_blank\" rel=\"noopener\">M\u00e1s informaci\u00f3n <img decoding=\"async\" class=\"alignnone size-medium wp-image-36\" src=\"\/wp-content\/uploads\/2021\/08\/roja.svg\" \/><\/a>[\/vc_column_text][\/vc_column_inner][\/vc_row_inner][\/vc_column][\/vc_row][vc_row full_width=&#8221;stretch_row&#8221; css=&#8221;.vc_custom_1630995476339{background-color: #f1f1f1 !important;}&#8221; el_class=&#8221;encuentra_establecimiento&#8221;][vc_column][vc_column_text]<\/p>\n<h2 style=\"text-align: center;\">Consulta els establiments adherits<\/h2>\n<p style=\"text-align: center;\">Troba el lloc m\u00e9s pr\u00f2xim per a usar el teu bo<\/p>\n<p>[\/vc_column_text][vc_row_inner][vc_column_inner width=&#8221;1\/6&#8243;][\/vc_column_inner][vc_column_inner width=&#8221;2\/3&#8243;][vc_column_text el_class=&#8221;consultar_comercios&#8221;]<a href=\"https:\/\/bonocomerciodana.com\/va\/comercios-adheridos\/\">CONSULTA ELS COMER\u00c7OS<\/a>[\/vc_column_text][\/vc_column_inner][vc_column_inner width=&#8221;1\/6&#8243;][\/vc_column_inner][\/vc_row_inner][\/vc_column][\/vc_row][vc_row full_width=&#8221;stretch_row&#8221; disable_element=&#8221;yes&#8221; el_class=&#8221;home_banner&#8221;][vc_column width=&#8221;1\/2&#8243;][vc_row_inner el_class=&#8221;fila_botones&#8221;][vc_column_inner width=&#8221;1\/2&#8243;][vc_column_text el_class=&#8221;boton_fondo_blanco&#8221;]<a href=\"https:\/\/bonocomerciodana.com\/va\/alta-establecimiento\/\">Alta establecimiento<\/a>[\/vc_column_text][\/vc_column_inner][vc_column_inner width=&#8221;1\/2&#8243; offset=&#8221;vc_hidden-lg vc_hidden-md vc_hidden-sm vc_hidden-xs&#8221;][vc_column_text el_class=&#8221;boton_flecha&#8221;]<a href=\"\/establecimientos\">Ver establecimientos <img decoding=\"async\" class=\"alignnone size-medium wp-image-36\" src=\"\/wp-content\/uploads\/2021\/08\/negra.svg\" \/><\/a>[\/vc_column_text][\/vc_column_inner][\/vc_row_inner][\/vc_column][vc_column width=&#8221;1\/2&#8243;][\/vc_column][\/vc_row][vc_row full_width=&#8221;stretch_row&#8221; disable_element=&#8221;yes&#8221; el_class=&#8221;home_sectores&#8221; css=&#8221;.vc_custom_1630991835559{background-color: #f5f5f5 !important;}&#8221;][vc_column][vc_row_inner][vc_column_inner][vc_column_text]<\/p>\n<h2 style=\"text-align: center;\">\u00bfQu\u00e9 sector te interesa?<\/h2>\n<p>[\/vc_column_text][\/vc_column_inner][\/vc_row_inner][vc_row_inner][vc_column_inner width=&#8221;1\/4&#8243;][vc_single_image image=&#8221;61&#8243; img_size=&#8221;full&#8221; css=&#8221;.vc_custom_1628762671354{margin-bottom: 20px !important;}&#8221;][vc_toggle title=&#8221;PARA LA PERSONA&#8221; style=&#8221;simple&#8221; color=&#8221;black&#8221; src=&#8221;&#8220;\/wp-content\/uploads\/2021\/08\/persona.jpg&#8220;&#8221;]<\/p>\n<p style=\"text-align: center;\"><a href=\"#\">Prendas de vestir y complementos<\/a><br \/>\n<a href=\"#\">Mercer\u00eda y paqueter\u00eda<\/a><br \/>\n<a href=\"#\">Boda y ceremonia<\/a><br \/>\n<a href=\"#\">Joyer\u00edas, relojer\u00eda y bisuter\u00eda<\/a><br \/>\n<a href=\"#\">Perfumer\u00eda y cosm\u00e9ticos<\/a><br \/>\n<a href=\"#\">Herbolarios y diet\u00e9tica<\/a><br \/>\n<a href=\"#\">Juguetes y entretenimiento<\/a><br \/>\n<a href=\"#\">Deporte y aventura<\/a><br \/>\n<a href=\"#\">Art\u00edculos de viaje<\/a><br \/>\n<a href=\"#\">Equipamiento laboral<\/a><br \/>\n<a href=\"#\">Aparatos m\u00e9dicos y ortop\u00e9dicos<\/a><br \/>\n<a href=\"#\">Libros, peri\u00f3dicos y revistas<\/a><br \/>\n<a href=\"#\">Instrumentos musicales y accesorios<\/a><br \/>\n<a href=\"#\">Para coleccionistas: sellos, monedas, etc<\/a>[\/vc_toggle][\/vc_column_inner][vc_column_inner width=&#8221;1\/4&#8243;][vc_single_image image=&#8221;59&#8243; img_size=&#8221;full&#8221; css=&#8221;.vc_custom_1628762726329{margin-bottom: 20px !important;}&#8221;][vc_toggle title=&#8221;PARA EL HOGAR&#8221; style=&#8221;simple&#8221; color=&#8221;black&#8221; src=&#8221;&#8220;\/wp-content\/uploads\/2021\/08\/persona.jpg&#8220;&#8221;]<\/p>\n<p style=\"text-align: center;\"><a href=\"#\">Muebles para el hogar<\/a><br \/>\n<a href=\"#\">Electrodom\u00e9sticos<\/a><br \/>\n<a href=\"#\">Ferreter\u00eda y menaje<\/a><br \/>\n<a href=\"#\">Textiles, decoraci\u00f3n y adornos para el hogar<\/a><br \/>\n<a href=\"#\">Droguer\u00eda y limpieza del hogar<\/a><br \/>\n<a href=\"#\">Productos y servicios para animales<\/a><br \/>\n<a href=\"#\">Flores y plantas<\/a><br \/>\n<a href=\"#\">Materiales de construcci\u00f3n<\/a><br \/>\n<a href=\"#\">Art\u00edculos de bricolage<\/a><br \/>\n<a href=\"#\">Muebles y m\u00e1quinas para oficinas<\/a>[\/vc_toggle][\/vc_column_inner][vc_column_inner width=&#8221;1\/4&#8243;][vc_single_image image=&#8221;60&#8243; img_size=&#8221;full&#8221; css=&#8221;.vc_custom_1628762732836{margin-bottom: 20px !important;}&#8221;][vc_toggle title=&#8221;COMERCIO AMBULANTE&#8221; style=&#8221;simple&#8221; color=&#8221;black&#8221; src=&#8221;&#8220;\/wp-content\/uploads\/2021\/08\/persona.jpg&#8220;&#8221;]<\/p>\n<p style=\"text-align: center;\"><a href=\"#\">Mercadillos y mercados ocasionales<\/a><\/p>\n<p>[\/vc_toggle][\/vc_column_inner][vc_column_inner width=&#8221;1\/4&#8243;][vc_single_image image=&#8221;62&#8243; img_size=&#8221;full&#8221; css=&#8221;.vc_custom_1628762738961{margin-bottom: 20px !important;}&#8221;][vc_toggle title=&#8221;SERVICIOS&#8221; style=&#8221;simple&#8221; color=&#8221;black&#8221; src=&#8221;&#8220;\/wp-content\/uploads\/2021\/08\/persona.jpg&#8220;&#8221;]<\/p>\n<p style=\"text-align: center;\"><a href=\"#\">Lavander\u00edas y tintorer\u00edas<\/a><br \/>\n<a href=\"#\">Reparaci\u00f3n de calzado<\/a><br \/>\n<a href=\"#\">Reparaci\u00f3n y arreglo de ropa<\/a><br \/>\n<a href=\"#\">Peluquer\u00edas y salones de belleza<\/a><br \/>\n<a href=\"#\">Servicios fotogr\u00e1ficos<\/a><br \/>\n<a href=\"#\">Servicios de enmarcaci\u00f3n<\/a><br \/>\n<a href=\"#\">Otros servicios<\/a>[\/vc_toggle][\/vc_column_inner][\/vc_row_inner][\/vc_column][\/vc_row]<\/p>\n","protected":false},"excerpt":{"rendered":"<p>[vc_row full_width=&#8221;stretch_row_content_no_spaces&#8221; equal_height=&#8221;yes&#8221; content_placement=&#8221;middle&#8221; disable_element=&#8221;yes&#8221; el_class=&#8221;home_enlaces&#8221; css=&#8221;.vc_custom_1656410079957{margin-top: 35px !important;}&#8221;][vc_column width=&#8221;1\/2&#8243; css=&#8221;.vc_custom_1630995169282{background-image: url(https:\/\/bonocomerciodana.com\/wp-content\/uploads\/2021\/09\/f1.jpg?id=162) !important;background-position: center !important;background-repeat: no-repeat !important;background-size: cover !important;}&#8221; el_class=&#8221;primero&#8221;][vc_raw_html el_class=&#8221;texto_enlace&#8221;]JTNDcCUzRSVDMiVCRkVSRVMlM0NzcGFuJTNFQ09NRVJDSU8lM0YlM0MlMkZzcGFuJTNFJTNDJTJGcCUzRSUwQSUzQ2ElMjBocmVmJTNEJTIyJTJGYWx0YS1lc3RhYmxlY2ltaWVudG8lMkYlMjIlM0VJTlNDUiVDMyU4REJFVEUlM0MlMkZhJTNF[\/vc_raw_html][\/vc_column][vc_column width=&#8221;1\/2&#8243; css=&#8221;.vc_custom_1631175161051{background-image: url(https:\/\/bonocomerciodana.com\/wp-content\/uploads\/2021\/09\/f23.jpg?id=239) !important;background-position: center !important;background-repeat: no-repeat !important;background-size: cover !important;}&#8221; el_id=&#8221;segundo&#8221;][vc_raw_html el_class=&#8221;texto_enlace&#8221;]JTNDcCUzRSVDMiVCRllBJTIwVElFTkVTJTNDc3BhbiUzRVRVJTIwQk9OTyUzRiUzQyUyRnNwYW4lM0UlM0MlMkZwJTNFJTBBJTNDYSUyMGhyZWYlM0QlMjIlMkZpbmZvcm1hY2lvbi1wYXJhLWxvcy1jbGllbnRlcyUyRiUyMiUzRUNvbnN1bHRhJTIwbGFzJTIwY29uZGljaW9uZXMlM0MlMkZhJTNF[\/vc_raw_html][\/vc_column][\/vc_row][vc_row full_width=&#8221;stretch_row_content_no_spaces&#8221; equal_height=&#8221;yes&#8221; content_placement=&#8221;middle&#8221; disable_element=&#8221;yes&#8221; el_class=&#8221;home_enlaces&#8221; css=&#8221;.vc_custom_1656573815884{margin-top: 35px !important;}&#8221;][vc_column width=&#8221;1\/2&#8243; css=&#8221;.vc_custom_1630995169282{background-image: url(https:\/\/bonocomerciodana.com\/wp-content\/uploads\/2021\/09\/f1.jpg?id=162) !important;background-position: center !important;background-repeat: no-repeat !important;background-size: cover !important;}&#8221; el_class=&#8221;primero&#8221;][vc_raw_html el_class=&#8221;texto_enlace&#8221;]JTNDcCUzRSVDMiVCRkVSRVMlM0NzcGFuJTNFQ09NRVJDSU8lM0YlM0MlMkZzcGFuJTNFJTNDJTJGcCUzRSUwQSUzQ2ElMjBocmVmJTNEJTIyJTJGYWx0YS1lc3RhYmxlY2ltaWVudG8lMkYlMjIlM0VJTlNDUiVDMyU4REJFVEUlM0MlMkZhJTNF[\/vc_raw_html][\/vc_column][vc_column width=&#8221;1\/2&#8243; css=&#8221;.vc_custom_1631175161051{background-image: [&hellip;]<\/p>\n","protected":false},"author":4,"featured_media":0,"parent":0,"menu_order":0,"comment_status":"closed","ping_status":"closed","template":"","meta":{"footnotes":""},"class_list":["post-293","page","type-page","status-publish","hentry"],"yoast_head":"<!-- This site is optimized with the Yoast SEO plugin v25.7 - https:\/\/yoast.com\/wordpress\/plugins\/seo\/ -->\n<title>Home - Bono Comercio Dana<\/title>\n<meta name=\"robots\" content=\"index, follow, max-snippet:-1, max-image-preview:large, max-video-preview:-1\" \/>\n<link rel=\"canonical\" href=\"https:\/\/bonocomerciodana.com\/\" \/>\n<meta property=\"og:locale\" content=\"en_US\" \/>\n<meta property=\"og:type\" content=\"article\" \/>\n<meta property=\"og:title\" content=\"Home - Bono Comercio Dana\" \/>\n<meta property=\"og:description\" content=\"[vc_row full_width=&#8221;stretch_row_content_no_spaces&#8221; equal_height=&#8221;yes&#8221; content_placement=&#8221;middle&#8221; disable_element=&#8221;yes&#8221; el_class=&#8221;home_enlaces&#8221; css=&#8221;.vc_custom_1656410079957{margin-top: 35px !important;}&#8221;][vc_column width=&#8221;1\/2&#8243; css=&#8221;.vc_custom_1630995169282{background-image: url(https:\/\/bonocomerciodana.com\/wp-content\/uploads\/2021\/09\/f1.jpg?id=162) !important;background-position: center !important;background-repeat: no-repeat !important;background-size: cover !important;}&#8221; el_class=&#8221;primero&#8221;][vc_raw_html el_class=&#8221;texto_enlace&#8221;]JTNDcCUzRSVDMiVCRkVSRVMlM0NzcGFuJTNFQ09NRVJDSU8lM0YlM0MlMkZzcGFuJTNFJTNDJTJGcCUzRSUwQSUzQ2ElMjBocmVmJTNEJTIyJTJGYWx0YS1lc3RhYmxlY2ltaWVudG8lMkYlMjIlM0VJTlNDUiVDMyU4REJFVEUlM0MlMkZhJTNF[\/vc_raw_html][\/vc_column][vc_column width=&#8221;1\/2&#8243; css=&#8221;.vc_custom_1631175161051{background-image: url(https:\/\/bonocomerciodana.com\/wp-content\/uploads\/2021\/09\/f23.jpg?id=239) !important;background-position: center !important;background-repeat: no-repeat !important;background-size: cover !important;}&#8221; el_id=&#8221;segundo&#8221;][vc_raw_html el_class=&#8221;texto_enlace&#8221;]JTNDcCUzRSVDMiVCRllBJTIwVElFTkVTJTNDc3BhbiUzRVRVJTIwQk9OTyUzRiUzQyUyRnNwYW4lM0UlM0MlMkZwJTNFJTBBJTNDYSUyMGhyZWYlM0QlMjIlMkZpbmZvcm1hY2lvbi1wYXJhLWxvcy1jbGllbnRlcyUyRiUyMiUzRUNvbnN1bHRhJTIwbGFzJTIwY29uZGljaW9uZXMlM0MlMkZhJTNF[\/vc_raw_html][\/vc_column][\/vc_row][vc_row full_width=&#8221;stretch_row_content_no_spaces&#8221; equal_height=&#8221;yes&#8221; content_placement=&#8221;middle&#8221; disable_element=&#8221;yes&#8221; el_class=&#8221;home_enlaces&#8221; css=&#8221;.vc_custom_1656573815884{margin-top: 35px !important;}&#8221;][vc_column width=&#8221;1\/2&#8243; css=&#8221;.vc_custom_1630995169282{background-image: url(https:\/\/bonocomerciodana.com\/wp-content\/uploads\/2021\/09\/f1.jpg?id=162) !important;background-position: center !important;background-repeat: no-repeat !important;background-size: cover !important;}&#8221; el_class=&#8221;primero&#8221;][vc_raw_html el_class=&#8221;texto_enlace&#8221;]JTNDcCUzRSVDMiVCRkVSRVMlM0NzcGFuJTNFQ09NRVJDSU8lM0YlM0MlMkZzcGFuJTNFJTNDJTJGcCUzRSUwQSUzQ2ElMjBocmVmJTNEJTIyJTJGYWx0YS1lc3RhYmxlY2ltaWVudG8lMkYlMjIlM0VJTlNDUiVDMyU4REJFVEUlM0MlMkZhJTNF[\/vc_raw_html][\/vc_column][vc_column width=&#8221;1\/2&#8243; css=&#8221;.vc_custom_1631175161051{background-image: [&hellip;]\" \/>\n<meta property=\"og:url\" content=\"https:\/\/bonocomerciodana.com\/\" \/>\n<meta property=\"og:site_name\" content=\"Bono Comercio Dana\" \/>\n<meta property=\"article:modified_time\" content=\"2025-09-30T10:30:08+00:00\" \/>\n<meta name=\"twitter:card\" content=\"summary_large_image\" \/>\n<meta name=\"twitter:label1\" content=\"Est. reading time\" \/>\n\t<meta name=\"twitter:data1\" content=\"3 minutes\" \/>\n<script type=\"application\/ld+json\" class=\"yoast-schema-graph\">{\"@context\":\"https:\/\/schema.org\",\"@graph\":[{\"@type\":\"WebPage\",\"@id\":\"https:\/\/bonocomerciodana.com\/\",\"url\":\"https:\/\/bonocomerciodana.com\/\",\"name\":\"Home - Bono Comercio Dana\",\"isPartOf\":{\"@id\":\"https:\/\/bonocomerciodana.com\/#website\"},\"datePublished\":\"2021-08-10T13:10:43+00:00\",\"dateModified\":\"2025-09-30T10:30:08+00:00\",\"breadcrumb\":{\"@id\":\"https:\/\/bonocomerciodana.com\/#breadcrumb\"},\"inLanguage\":\"va\",\"potentialAction\":[{\"@type\":\"ReadAction\",\"target\":[\"https:\/\/bonocomerciodana.com\/\"]}]},{\"@type\":\"BreadcrumbList\",\"@id\":\"https:\/\/bonocomerciodana.com\/#breadcrumb\",\"itemListElement\":[{\"@type\":\"ListItem\",\"position\":1,\"name\":\"Portada\",\"item\":\"https:\/\/bonocomerciodana.com\/\"},{\"@type\":\"ListItem\",\"position\":2,\"name\":\"Home\"}]},{\"@type\":\"WebSite\",\"@id\":\"https:\/\/bonocomerciodana.com\/#website\",\"url\":\"https:\/\/bonocomerciodana.com\/\",\"name\":\"Bono Comercio Dana\",\"description\":\"Bono Comercio Dana\",\"potentialAction\":[{\"@type\":\"SearchAction\",\"target\":{\"@type\":\"EntryPoint\",\"urlTemplate\":\"https:\/\/bonocomerciodana.com\/?s={search_term_string}\"},\"query-input\":{\"@type\":\"PropertyValueSpecification\",\"valueRequired\":true,\"valueName\":\"search_term_string\"}}],\"inLanguage\":\"va\"}]}<\/script>\n<!-- \/ Yoast SEO plugin. -->","yoast_head_json":{"title":"Home - Bono Comercio Dana","robots":{"index":"index","follow":"follow","max-snippet":"max-snippet:-1","max-image-preview":"max-image-preview:large","max-video-preview":"max-video-preview:-1"},"canonical":"https:\/\/bonocomerciodana.com\/","og_locale":"en_US","og_type":"article","og_title":"Home - Bono Comercio Dana","og_description":"[vc_row full_width=&#8221;stretch_row_content_no_spaces&#8221; equal_height=&#8221;yes&#8221; content_placement=&#8221;middle&#8221; disable_element=&#8221;yes&#8221; el_class=&#8221;home_enlaces&#8221; css=&#8221;.vc_custom_1656410079957{margin-top: 35px !important;}&#8221;][vc_column width=&#8221;1\/2&#8243; css=&#8221;.vc_custom_1630995169282{background-image: url(https:\/\/bonocomerciodana.com\/wp-content\/uploads\/2021\/09\/f1.jpg?id=162) !important;background-position: center !important;background-repeat: no-repeat !important;background-size: cover !important;}&#8221; el_class=&#8221;primero&#8221;][vc_raw_html el_class=&#8221;texto_enlace&#8221;]JTNDcCUzRSVDMiVCRkVSRVMlM0NzcGFuJTNFQ09NRVJDSU8lM0YlM0MlMkZzcGFuJTNFJTNDJTJGcCUzRSUwQSUzQ2ElMjBocmVmJTNEJTIyJTJGYWx0YS1lc3RhYmxlY2ltaWVudG8lMkYlMjIlM0VJTlNDUiVDMyU4REJFVEUlM0MlMkZhJTNF[\/vc_raw_html][\/vc_column][vc_column width=&#8221;1\/2&#8243; css=&#8221;.vc_custom_1631175161051{background-image: url(https:\/\/bonocomerciodana.com\/wp-content\/uploads\/2021\/09\/f23.jpg?id=239) !important;background-position: center !important;background-repeat: no-repeat !important;background-size: cover !important;}&#8221; el_id=&#8221;segundo&#8221;][vc_raw_html el_class=&#8221;texto_enlace&#8221;]JTNDcCUzRSVDMiVCRllBJTIwVElFTkVTJTNDc3BhbiUzRVRVJTIwQk9OTyUzRiUzQyUyRnNwYW4lM0UlM0MlMkZwJTNFJTBBJTNDYSUyMGhyZWYlM0QlMjIlMkZpbmZvcm1hY2lvbi1wYXJhLWxvcy1jbGllbnRlcyUyRiUyMiUzRUNvbnN1bHRhJTIwbGFzJTIwY29uZGljaW9uZXMlM0MlMkZhJTNF[\/vc_raw_html][\/vc_column][\/vc_row][vc_row full_width=&#8221;stretch_row_content_no_spaces&#8221; equal_height=&#8221;yes&#8221; content_placement=&#8221;middle&#8221; disable_element=&#8221;yes&#8221; el_class=&#8221;home_enlaces&#8221; css=&#8221;.vc_custom_1656573815884{margin-top: 35px !important;}&#8221;][vc_column width=&#8221;1\/2&#8243; css=&#8221;.vc_custom_1630995169282{background-image: url(https:\/\/bonocomerciodana.com\/wp-content\/uploads\/2021\/09\/f1.jpg?id=162) !important;background-position: center !important;background-repeat: no-repeat !important;background-size: cover !important;}&#8221; el_class=&#8221;primero&#8221;][vc_raw_html el_class=&#8221;texto_enlace&#8221;]JTNDcCUzRSVDMiVCRkVSRVMlM0NzcGFuJTNFQ09NRVJDSU8lM0YlM0MlMkZzcGFuJTNFJTNDJTJGcCUzRSUwQSUzQ2ElMjBocmVmJTNEJTIyJTJGYWx0YS1lc3RhYmxlY2ltaWVudG8lMkYlMjIlM0VJTlNDUiVDMyU4REJFVEUlM0MlMkZhJTNF[\/vc_raw_html][\/vc_column][vc_column width=&#8221;1\/2&#8243; css=&#8221;.vc_custom_1631175161051{background-image: [&hellip;]","og_url":"https:\/\/bonocomerciodana.com\/","og_site_name":"Bono Comercio Dana","article_modified_time":"2025-09-30T10:30:08+00:00","twitter_card":"summary_large_image","twitter_misc":{"Est. reading time":"3 minutes"},"schema":{"@context":"https:\/\/schema.org","@graph":[{"@type":"WebPage","@id":"https:\/\/bonocomerciodana.com\/","url":"https:\/\/bonocomerciodana.com\/","name":"Home - Bono Comercio Dana","isPartOf":{"@id":"https:\/\/bonocomerciodana.com\/#website"},"datePublished":"2021-08-10T13:10:43+00:00","dateModified":"2025-09-30T10:30:08+00:00","breadcrumb":{"@id":"https:\/\/bonocomerciodana.com\/#breadcrumb"},"inLanguage":"va","potentialAction":[{"@type":"ReadAction","target":["https:\/\/bonocomerciodana.com\/"]}]},{"@type":"BreadcrumbList","@id":"https:\/\/bonocomerciodana.com\/#breadcrumb","itemListElement":[{"@type":"ListItem","position":1,"name":"Portada","item":"https:\/\/bonocomerciodana.com\/"},{"@type":"ListItem","position":2,"name":"Home"}]},{"@type":"WebSite","@id":"https:\/\/bonocomerciodana.com\/#website","url":"https:\/\/bonocomerciodana.com\/","name":"Bono Comercio Dana","description":"Bono Comercio Dana","potentialAction":[{"@type":"SearchAction","target":{"@type":"EntryPoint","urlTemplate":"https:\/\/bonocomerciodana.com\/?s={search_term_string}"},"query-input":{"@type":"PropertyValueSpecification","valueRequired":true,"valueName":"search_term_string"}}],"inLanguage":"va"}]}},"_links":{"self":[{"href":"https:\/\/bonocomerciodana.com\/va\/wp-json\/wp\/v2\/pages\/293","targetHints":{"allow":["GET"]}}],"collection":[{"href":"https:\/\/bonocomerciodana.com\/va\/wp-json\/wp\/v2\/pages"}],"about":[{"href":"https:\/\/bonocomerciodana.com\/va\/wp-json\/wp\/v2\/types\/page"}],"author":[{"embeddable":true,"href":"https:\/\/bonocomerciodana.com\/va\/wp-json\/wp\/v2\/users\/4"}],"replies":[{"embeddable":true,"href":"https:\/\/bonocomerciodana.com\/va\/wp-json\/wp\/v2\/comments?post=293"}],"version-history":[{"count":39,"href":"https:\/\/bonocomerciodana.com\/va\/wp-json\/wp\/v2\/pages\/293\/revisions"}],"predecessor-version":[{"id":1738,"href":"https:\/\/bonocomerciodana.com\/va\/wp-json\/wp\/v2\/pages\/293\/revisions\/1738"}],"wp:attachment":[{"href":"https:\/\/bonocomerciodana.com\/va\/wp-json\/wp\/v2\/media?parent=293"}],"curies":[{"name":"wp","href":"https:\/\/api.w.org\/{rel}","templated":true}]}}