{"id":276,"date":"2021-09-07T10:51:32","date_gmt":"2021-09-07T10:51:32","guid":{"rendered":"https:\/\/bonosvalencia.atic.green\/?page_id=276"},"modified":"2025-09-15T18:13:28","modified_gmt":"2025-09-15T16:13:28","slug":"comercios-adheridos","status":"publish","type":"page","link":"https:\/\/bonocomerciodana.com\/va\/comercios-adheridos\/","title":{"rendered":"Comercios adheridos"},"content":{"rendered":"<p>[vc_row full_width=&#8221;stretch_row&#8221; disable_element=&#8221;yes&#8221; el_class=&#8221;encuentra_establecimiento&#8221;][vc_column][vc_column_text]<\/p>\n<h2 style=\"text-align: center;\">En construcci\u00f3n<\/h2>\n<p style=\"text-align: center;\">En breve estar\u00e1 disponible<\/p>\n<p>[\/vc_column_text][\/vc_column][\/vc_row][vc_row full_width=&#8221;stretch_row&#8221; el_class=&#8221;encuentra_establecimiento&#8221;][vc_column][vc_column_text]<\/p>\n<h2 style=\"text-align: center;\">Consulta els establiments adherits<\/h2>\n<p style=\"text-align: center;\">Troba el lloc m\u00e9s pr\u00f2xim on poder utilitzar el bo<\/p>\n<p>[\/vc_column_text][\/vc_column][\/vc_row][vc_row el_class=&#8221;acordeon_comercios&#8221;][vc_column]<div class=\"listado-comercios-moderno\"><style>\n                .listado-comercios-moderno {\n            border-radius: 15px;\n            margin-bottom: 30px;\n        }\n        \n        \/* Resumen principal (arriba del todo) *\/\n        .resumen-comercios-principal {\n            background: linear-gradient(135deg, #00FFE6 0%, #00e6cc 100%);\n            padding: 20px;\n            border-radius: 15px;\n            margin-bottom: 20px;\n            text-align: center;\n            color: #333;\n            box-shadow: 0 5px 15px rgba(0,255,230,0.3);\n            grid-column: 1 \/ -1;\n        }\n        \n        .resumen-comercios-principal h4 {\n            margin: 0;\n            font-size: 20px;\n            font-weight: bold;\n        }\n        \n        \/* Layout principal de 2 columnas *\/\n        .layout-principal {\n            display: grid;\n            grid-template-columns: 300px 1fr;\n            gap: 20px;\n            height: auto;\n        }\n        \n        \/* Columna de filtros *\/\n        .columna-filtros {\n            background: rgba(255,255,255,0.1);\n            border-radius: 12px;\n            padding: 20px;\n            backdrop-filter: blur(10px);\n            border: 1px solid rgba(255,255,255,0.2);\n            height: fit-content;\n            position: sticky;\n            top: 20px;\n\t\t\tbackground: linear-gradient(135deg, #59BDB8 0%, #00665E 100%);\n        }\n        \n        .filtros-container {\n            display: flex;\n            flex-direction: column;\n            gap: 15px;\n        }\n        \n        .filtro-grupo {\n            display: flex;\n            flex-direction: column;\n            align-items: stretch;\n        }\n        \n        .filtro-grupo label {\n            display: block;\n            color: white;\n            font-weight: bold;\n            margin-bottom: 8px;\n            font-size: 14px;\n        }\n        \n        .filtro-grupo select,\n        .filtro-grupo input {\n            width: 100%;\n            padding: 12px 15px;\n            border: none;\n            border-radius: 8px;\n            font-size: 14px;\n            background: rgba(255,255,255,0.95);\n            transition: all 0.3s ease;\n            box-sizing: border-box;\n            height: 48px;\n        }\n        \n        .filtro-grupo select:focus,\n        .filtro-grupo input:focus {\n            outline: none;\n            box-shadow: 0 0 0 3px rgba(255,255,255,0.3) !important;\n            transform: translateY(-2px);\n        }\n        \n        .btn-limpiar {\n            background: rgba(255,255,255,0.2);\n            color: white;\n            border: 2px solid rgba(255,255,255,0.3);\n            padding: 12px 20px;\n            border-radius: 8px;\n            font-weight: bold;\n            cursor: pointer;\n            transition: all 0.3s ease;\n            text-transform: uppercase;\n            letter-spacing: 1px;\n            width: 100%;\n            margin-top: 10px;\n        }\n        \n        .btn-limpiar:hover {\n            background: rgba(255,255,255,0.3);\n            transform: translateY(-2px);\n        }\n        \n        .loading-indicator {\n            display: none;\n            text-align: center;\n            color: white;\n            margin-top: 10px;\n        }\n        \n        .loading-indicator.show {\n            display: block;\n        }\n        \n        \/* Columna derecha (mapa + sectores) *\/\n        .columna-derecha {\n            display: flex;\n            flex-direction: column;\n            gap: 20px;\n            height: auto;\n        }\n        \n        \/* Secci\u00f3n de sectores *\/\n        .seccion-sectores {\n            background: white;\n            border-radius: 12px;\n            padding: 20px;\n            box-shadow: 0 5px 15px rgba(0,0,0,0.1) !important;\n            height: auto;\n            min-height: 300px;\n        }\n        \n        .seccion-sectores h3 {\n            margin-bottom: 10px;\n            color: #333;\n            text-align: center;\n            font-size: 18px;\n        }\n        \n\n        \n        \/* Estilos para el acorde\u00f3n de sectores *\/\n        .sector-acordeon {\n            margin-bottom: 15px;\n            border: 1px solid #e0e0e0;\n            border-radius: 10px;\n            overflow: hidden;\n        }\n        \n        .sector-header {\n            background: linear-gradient(135deg, #59BDB8 0%, #00665E 100%);\n            color: white;\n            padding: 15px 20px;\n            cursor: pointer;\n            display: flex;\n            justify-content: space-between;\n            align-items: center;\n            transition: all 0.3s ease;\n        }\n        \n        .sector-header:hover {\n            background: linear-gradient(135deg, #4a9a94 0%, #005a52 100%);\n        }\n        \n        .sector-header h4 {\n            margin: 0;\n            font-size: 18px;\n            font-weight: bold;\n        }\n        \n        .sector-toggle {\n            font-size: 20px;\n            transition: transform 0.3s ease;\n        }\n        \n        .sector-toggle.rotated {\n            transform: rotate(180deg);\n        }\n        \n        .sector-content {\n            max-height: 0;\n            overflow: hidden;\n            transition: max-height 0.3s ease;\n            background: #f9f9f9;\n        }\n        \n        .sector-content.expanded {\n            max-height: max-content;\n        }\n        \n        .comercio-card {\n            display: flex;\n            align-items: center;\n            padding: 15px 20px;\n            border-bottom: 1px solid #e0e0e0;\n            transition: all 0.3s ease;\n            background: white;\n        }\n        \n        .comercio-card:last-child {\n            border-bottom: none;\n        }\n        \n        .comercio-card:hover {\n            background: #f5f5f5;\n        }\n        \n        .comercio-logo {\n            width: 60px;\n            height: 60px;\n            object-fit: cover;\n            border-radius: 8px;\n            margin-right: 15px;\n            flex-shrink: 0;\n        }\n        \n        .comercio-info {\n            flex: 1;\n        }\n        \n        .comercio-nombre {\n            font-size: 16px;\n            font-weight: bold;\n            color: #333;\n            margin-bottom: 5px;\n        }\n        \n        .comercio-direccion {\n            color: #666;\n            margin-bottom: 5px;\n            font-size: 14px;\n        }\n        \n        .comercio-poblacion {\n            background: #667eea;\n            color: white;\n            padding: 3px 8px;\n            border-radius: 12px;\n            font-size: 11px;\n            font-weight: bold;\n            display: inline-block;\n        }\n        \n        .comercio-acciones {\n            display: flex;\n            gap: 8px;\n            margin-top: 8px;\n        }\n        \n        .btn-accion {\n            padding: 6px 12px;\n            border: none;\n            border-radius: 4px;\n            text-decoration: none;\n            font-size: 11px;\n            font-weight: bold;\n            transition: all 0.3s ease;\n        }\n        \n        .btn-web {\n            background: #28a745;\n            color: white;\n        }\n        \n        .btn-web:hover {\n            background: #218838;\n            color: white;\n        }\n        \n        .btn-maps {\n            background: #007bff;\n            color: white;\n        }\n        \n        .btn-maps:hover {\n            background: #0056b3;\n            color: white;\n        }\n        \n        .no-resultados {\n            text-align: center;\n            padding: 50px;\n            color: #666;\n            font-size: 18px;\n        }\n        \n        \/* Responsive para m\u00f3viles *\/\n        @media (max-width: 1200px) {\n            .layout-principal {\n                grid-template-columns: 1fr;\n                gap: 15px;\n            }\n            \n            .columna-filtros {\n                position: static;\n                order: 1;\n            }\n            \n            .columna-derecha {\n                order: 2;\n            }\n            \n            .seccion-sectores {\n                max-height: none;\n            }\n            \n            .mapa-container {\n                height: 400px;\n            }\n        }\n        \n        @media (max-width: 768px) {\n            .listado-comercios-moderno {\n                padding: 20px;\n            }\n            \n            .filtros-container {\n                gap: 10px;\n            }\n            \n            .mapa-container {\n                height: 350px;\n            }\n            \n            .comercio-card {\n                flex-direction: column;\n                text-align: center;\n            }\n            \n            .comercio-logo {\n                margin-right: 0;\n                margin-bottom: 10px;\n            }\n            \n            .comercio-acciones {\n                justify-content: center;\n            }\n        }\n    <\/style><div class=\"layout-principal\"><div class=\"resumen-comercios-principal\"><h4 id=\"resumen-comercios-text\">Cargando comercios&#8230;<\/h4><\/div><div class=\"columna-filtros\"><h3 style=\"color: white; margin-bottom: 20px; text-align: center;\">Filtres<\/h3><div class=\"filtros-container\"><div class=\"filtro-grupo\"><label>Sector<\/label><select name=\"idsector\" id=\"idsector\"><option value=\"\">Tots els sectors<\/option><optgroup label=\"Per a la persona\"><option value=\"2\">Peces de roba i complements<\/option><option value=\"3\">Merceria i paqueteria<\/option><option value=\"5\">Joieries, rellotgeria i bijuteria<\/option><option value=\"6\">Perfumeria i cosm\u00e8tics<\/option><option value=\"9\">Jogueteria, manualitats i belles arts<\/option><option value=\"10\">Articles de viatge<\/option><option value=\"13\">Llibreria, papereria, diaris, revistes i enquadernacions<\/option><option value=\"14\">Flors i plantes; productes i servicis per a animals<\/option><option value=\"38\">\u00d2ptiques, ortop\u00e8dies i professionals de la sanitat<\/option><option value=\"42\">Cal\u00e7at i marroquineria<\/option><option value=\"44\">Alimentaci\u00f3 i diet\u00e8tica<\/option><option value=\"45\">Vehicles, accessoris i peces de recanvi<\/option><\/optgroup><optgroup label=\"Per a la llar\"><option value=\"18\">Electrodom\u00e8stics, imatges, so i telefon\u00eda<\/option><option value=\"19\">Ferreteria, parament i articles de bricolatge<\/option><option value=\"20\">Decoraci\u00f3, mobles, il\u00b7luminaci\u00f3 i t\u00e8xtil per a la llar<\/option><\/optgroup><optgroup label=\"Serveis\"><option value=\"31\">Servicis de reparaci\u00f3 de cal\u00e7at i de roba<\/option><option value=\"34\">Servicis fotogr\u00e0fics i d\u2019emmarcament; instruments musicals<\/option><option value=\"57\">Perruqueries i salons de bellesa<\/option><option value=\"62\">Mercats i venda ambulant<\/option><option value=\"63\">Servicis per a la llar, tintoreria i bugaderia<\/option><\/optgroup><\/select><\/div><div class=\"filtro-grupo\"><label>Poblaci\u00f3<\/label><select name=\"poblacion_id\" id=\"poblacion_id\"><option value=\"\">Totes les poblacions<\/option><option value=\"9\">Alaqu\u00e0s<\/option><option value=\"18\">Albal<\/option><option value=\"2\">Aldaia<\/option><option value=\"3\">Alfafar<\/option><option value=\"5\">Algemes\u00ed<\/option><option value=\"13\">Benet\u00fasser<\/option><option value=\"29\">Beniparrell<\/option><option value=\"48\">Catadau<\/option><option value=\"1\">Catarroja<\/option><option value=\"34\">Cheste<\/option><option value=\"38\">Chiva<\/option><option value=\"63\">Guadassuar<\/option><option value=\"31\">L&#8217;Alc\u00fadia<\/option><option value=\"20\">Llocnou de la Corona<\/option><option value=\"62\">Llombai<\/option><option value=\"45\">Loriguilla<\/option><option value=\"16\">Massanassa<\/option><option value=\"57\">Montroi\/Montroy<\/option><option value=\"6\">Paiporta<\/option><option value=\"65\">Pedralba<\/option><option value=\"19\">Picanya<\/option><option value=\"44\">Riola<\/option><option value=\"14\">Sedav\u00ed<\/option><option value=\"64\">Sot de Chera<\/option><option value=\"42\">Utiel<\/option><option value=\"67\">Valencia<\/option><option value=\"10\">Xirivella<\/option><\/select><\/div><div class=\"filtro-grupo\"><label>Nom del comer\u00e7<\/label><input type=\"text\" name=\"nombre_comercio\" id=\"nombre_comercio\" placeholder=\"Busca pel nom...\"><\/div><\/div><button type=\"button\" class=\"btn-limpiar\" onclick=\"limpiarFiltros()\">Neteja els filtres<\/button><div class=\"loading-indicator\" id=\"loading-indicator\"><p>\ud83d\udd04 Cargando comercios&#8230;<\/p><\/div><\/div><div class=\"seccion-sectores\"><h3>Llista de comer\u00e7os per sectors<\/h3><div id=\"lista-comercios-container\"><div class=\"no-resultados\"><h3>Cargando comercios&#8230;<\/h3><\/div><\/div><\/div><\/div><\/div><script>\n        var ajaxurl = \"https:\/\/bonocomerciodana.com\/wp-admin\/admin-ajax.php\";\n        var siteUrl = \"https:\/\/bonocomerciodana.com\";\n        var language_local = \"va\";\n        console.log(\"Variables globales configuradas:\", { ajaxurl, siteUrl });\n    <\/script>[\/vc_column][\/vc_row]<\/p>\n","protected":false},"excerpt":{"rendered":"Consulta els establiments adherits Troba el lloc m\u00e9s pr\u00f2xim on poder utilitzar el bo Cargando comercios&#8230;FiltresSectorTots els sectorsPeces de roba i complementsMerceria i paqueteriaJoieries, rellotgeria i bijuteriaPerfumeria i cosm\u00e8ticsJogueteria, manualitats i belles artsArticles de viatgeLlibreria, papereria, diaris, revistes i enquadernacionsFlors i plantes; productes i servicis per a animals\u00d2ptiques, ortop\u00e8dies i professionals de la sanitatCal\u00e7at i [...]","protected":false},"author":4,"featured_media":0,"parent":0,"menu_order":0,"comment_status":"closed","ping_status":"closed","template":"","meta":{"footnotes":""},"class_list":["post-276","page","type-page","status-publish","hentry"],"yoast_head":"<!-- This site is optimized with the Yoast SEO plugin v25.7 - https:\/\/yoast.com\/wordpress\/plugins\/seo\/ -->\n<title>Comercios adheridos - Bono Comercio Dana<\/title>\n<meta name=\"robots\" content=\"index, follow, max-snippet:-1, max-image-preview:large, max-video-preview:-1\" \/>\n<link rel=\"canonical\" href=\"https:\/\/bonocomerciodana.com\/comercios-adheridos\/\" \/>\n<meta property=\"og:locale\" content=\"en_US\" \/>\n<meta property=\"og:type\" content=\"article\" \/>\n<meta property=\"og:title\" content=\"Comercios adheridos - Bono Comercio Dana\" \/>\n<meta property=\"og:url\" content=\"https:\/\/bonocomerciodana.com\/comercios-adheridos\/\" \/>\n<meta property=\"og:site_name\" content=\"Bono Comercio Dana\" \/>\n<meta property=\"article:modified_time\" content=\"2025-09-15T16:13:28+00:00\" \/>\n<meta name=\"twitter:card\" content=\"summary_large_image\" \/>\n<meta name=\"twitter:label1\" content=\"Est. reading time\" \/>\n\t<meta name=\"twitter:data1\" content=\"1 minute\" \/>\n<script type=\"application\/ld+json\" class=\"yoast-schema-graph\">{\"@context\":\"https:\/\/schema.org\",\"@graph\":[{\"@type\":\"WebPage\",\"@id\":\"https:\/\/bonocomerciodana.com\/comercios-adheridos\/\",\"url\":\"https:\/\/bonocomerciodana.com\/comercios-adheridos\/\",\"name\":\"Comercios adheridos - Bono Comercio Dana\",\"isPartOf\":{\"@id\":\"https:\/\/bonocomerciodana.com\/#website\"},\"datePublished\":\"2021-09-07T10:51:32+00:00\",\"dateModified\":\"2025-09-15T16:13:28+00:00\",\"breadcrumb\":{\"@id\":\"https:\/\/bonocomerciodana.com\/comercios-adheridos\/#breadcrumb\"},\"inLanguage\":\"va\",\"potentialAction\":[{\"@type\":\"ReadAction\",\"target\":[\"https:\/\/bonocomerciodana.com\/comercios-adheridos\/\"]}]},{\"@type\":\"BreadcrumbList\",\"@id\":\"https:\/\/bonocomerciodana.com\/comercios-adheridos\/#breadcrumb\",\"itemListElement\":[{\"@type\":\"ListItem\",\"position\":1,\"name\":\"Portada\",\"item\":\"https:\/\/bonocomerciodana.com\/\"},{\"@type\":\"ListItem\",\"position\":2,\"name\":\"Comercios adheridos\"}]},{\"@type\":\"WebSite\",\"@id\":\"https:\/\/bonocomerciodana.com\/#website\",\"url\":\"https:\/\/bonocomerciodana.com\/\",\"name\":\"Bono Comercio Dana\",\"description\":\"Bono Comercio Dana\",\"potentialAction\":[{\"@type\":\"SearchAction\",\"target\":{\"@type\":\"EntryPoint\",\"urlTemplate\":\"https:\/\/bonocomerciodana.com\/?s={search_term_string}\"},\"query-input\":{\"@type\":\"PropertyValueSpecification\",\"valueRequired\":true,\"valueName\":\"search_term_string\"}}],\"inLanguage\":\"va\"}]}<\/script>\n<!-- \/ Yoast SEO plugin. -->","yoast_head_json":{"title":"Comercios adheridos - Bono Comercio Dana","robots":{"index":"index","follow":"follow","max-snippet":"max-snippet:-1","max-image-preview":"max-image-preview:large","max-video-preview":"max-video-preview:-1"},"canonical":"https:\/\/bonocomerciodana.com\/comercios-adheridos\/","og_locale":"en_US","og_type":"article","og_title":"Comercios adheridos - Bono Comercio Dana","og_url":"https:\/\/bonocomerciodana.com\/comercios-adheridos\/","og_site_name":"Bono Comercio Dana","article_modified_time":"2025-09-15T16:13:28+00:00","twitter_card":"summary_large_image","twitter_misc":{"Est. reading time":"1 minute"},"schema":{"@context":"https:\/\/schema.org","@graph":[{"@type":"WebPage","@id":"https:\/\/bonocomerciodana.com\/comercios-adheridos\/","url":"https:\/\/bonocomerciodana.com\/comercios-adheridos\/","name":"Comercios adheridos - Bono Comercio Dana","isPartOf":{"@id":"https:\/\/bonocomerciodana.com\/#website"},"datePublished":"2021-09-07T10:51:32+00:00","dateModified":"2025-09-15T16:13:28+00:00","breadcrumb":{"@id":"https:\/\/bonocomerciodana.com\/comercios-adheridos\/#breadcrumb"},"inLanguage":"va","potentialAction":[{"@type":"ReadAction","target":["https:\/\/bonocomerciodana.com\/comercios-adheridos\/"]}]},{"@type":"BreadcrumbList","@id":"https:\/\/bonocomerciodana.com\/comercios-adheridos\/#breadcrumb","itemListElement":[{"@type":"ListItem","position":1,"name":"Portada","item":"https:\/\/bonocomerciodana.com\/"},{"@type":"ListItem","position":2,"name":"Comercios adheridos"}]},{"@type":"WebSite","@id":"https:\/\/bonocomerciodana.com\/#website","url":"https:\/\/bonocomerciodana.com\/","name":"Bono Comercio Dana","description":"Bono Comercio Dana","potentialAction":[{"@type":"SearchAction","target":{"@type":"EntryPoint","urlTemplate":"https:\/\/bonocomerciodana.com\/?s={search_term_string}"},"query-input":{"@type":"PropertyValueSpecification","valueRequired":true,"valueName":"search_term_string"}}],"inLanguage":"va"}]}},"_links":{"self":[{"href":"https:\/\/bonocomerciodana.com\/va\/wp-json\/wp\/v2\/pages\/276","targetHints":{"allow":["GET"]}}],"collection":[{"href":"https:\/\/bonocomerciodana.com\/va\/wp-json\/wp\/v2\/pages"}],"about":[{"href":"https:\/\/bonocomerciodana.com\/va\/wp-json\/wp\/v2\/types\/page"}],"author":[{"embeddable":true,"href":"https:\/\/bonocomerciodana.com\/va\/wp-json\/wp\/v2\/users\/4"}],"replies":[{"embeddable":true,"href":"https:\/\/bonocomerciodana.com\/va\/wp-json\/wp\/v2\/comments?post=276"}],"version-history":[{"count":9,"href":"https:\/\/bonocomerciodana.com\/va\/wp-json\/wp\/v2\/pages\/276\/revisions"}],"predecessor-version":[{"id":1707,"href":"https:\/\/bonocomerciodana.com\/va\/wp-json\/wp\/v2\/pages\/276\/revisions\/1707"}],"wp:attachment":[{"href":"https:\/\/bonocomerciodana.com\/va\/wp-json\/wp\/v2\/media?parent=276"}],"curies":[{"name":"wp","href":"https:\/\/api.w.org\/{rel}","templated":true}]}}